{"id":2916,"date":"2025-01-24T17:19:07","date_gmt":"2025-01-24T17:19:07","guid":{"rendered":"https:\/\/villamariaturismo.com.ar\/deporte-turismo\/?page_id=2916"},"modified":"2025-10-08T15:27:34","modified_gmt":"2025-10-08T15:27:34","slug":"ferrourbanistico","status":"publish","type":"page","link":"https:\/\/villamariaturismo.com.ar\/deporte-turismo\/circuitos-2\/ferrourbanistico\/","title":{"rendered":"Ferrourban\u00edstico"},"content":{"rendered":"\t\t<div data-elementor-type=\"wp-page\" data-elementor-id=\"2916\" class=\"elementor elementor-2916\" data-elementor-post-type=\"page\">\n\t\t\t\t<div class=\"elementor-element elementor-element-5b790425 e-flex e-con-boxed e-con e-parent\" data-id=\"5b790425\" data-element_type=\"container\" data-settings=\"{&quot;background_background&quot;:&quot;classic&quot;,&quot;sticky&quot;:&quot;top&quot;,&quot;sticky_on&quot;:[&quot;desktop&quot;,&quot;tablet&quot;,&quot;mobile&quot;],&quot;sticky_offset&quot;:0,&quot;sticky_effects_offset&quot;:0,&quot;sticky_anchor_link_offset&quot;:0}\">\n\t\t\t\t\t<div class=\"e-con-inner\">\n\t\t\t\t<div class=\"elementor-element elementor-element-5d88eca4 elementor-widget elementor-widget-image\" data-id=\"5d88eca4\" data-element_type=\"widget\" data-widget_type=\"image.default\">\n\t\t\t\t<div class=\"elementor-widget-container\">\n\t\t\t\t\t\t\t\t\t\t\t\t\t\t\t\t<a href=\"https:\/\/villamariaturismo.com.ar\/deporte-turismo\/circuitos-2\/\">\n\t\t\t\t\t\t\t<img fetchpriority=\"high\" decoding=\"async\" width=\"800\" height=\"138\" src=\"https:\/\/villamariaturismo.com.ar\/deporte-turismo\/wp-content\/uploads\/2025\/01\/circuito-titulo_Mesa-de-trabajo-1-1024x176.png\" class=\"attachment-large size-large wp-image-2651\" alt=\"\" srcset=\"https:\/\/villamariaturismo.com.ar\/deporte-turismo\/wp-content\/uploads\/2025\/01\/circuito-titulo_Mesa-de-trabajo-1-1024x176.png 1024w, https:\/\/villamariaturismo.com.ar\/deporte-turismo\/wp-content\/uploads\/2025\/01\/circuito-titulo_Mesa-de-trabajo-1-300x52.png 300w, https:\/\/villamariaturismo.com.ar\/deporte-turismo\/wp-content\/uploads\/2025\/01\/circuito-titulo_Mesa-de-trabajo-1-768x132.png 768w, https:\/\/villamariaturismo.com.ar\/deporte-turismo\/wp-content\/uploads\/2025\/01\/circuito-titulo_Mesa-de-trabajo-1-1536x265.png 1536w, https:\/\/villamariaturismo.com.ar\/deporte-turismo\/wp-content\/uploads\/2025\/01\/circuito-titulo_Mesa-de-trabajo-1-2048x353.png 2048w\" sizes=\"(max-width: 800px) 100vw, 800px\" \/>\t\t\t\t\t\t\t\t<\/a>\n\t\t\t\t\t\t\t\t\t\t\t\t\t\t\t<\/div>\n\t\t\t\t<\/div>\n\t\t\t\t\t<\/div>\n\t\t\t\t<\/div>\n\t\t<div class=\"elementor-element elementor-element-34af5506 e-flex e-con-boxed e-con e-parent\" data-id=\"34af5506\" data-element_type=\"container\" data-settings=\"{&quot;background_background&quot;:&quot;classic&quot;}\">\n\t\t\t\t\t<div class=\"e-con-inner\">\n\t\t\t\t<div class=\"elementor-element elementor-element-42591e00 elementor-widget elementor-widget-image\" data-id=\"42591e00\" data-element_type=\"widget\" data-widget_type=\"image.default\">\n\t\t\t\t<div class=\"elementor-widget-container\">\n\t\t\t\t\t\t\t\t\t\t\t\t\t\t\t<img decoding=\"async\" width=\"768\" height=\"271\" src=\"https:\/\/villamariaturismo.com.ar\/deporte-turismo\/wp-content\/uploads\/2025\/01\/titulos-Recuperado-16-768x271.png\" class=\"attachment-medium_large size-medium_large wp-image-2392\" alt=\"\" srcset=\"https:\/\/villamariaturismo.com.ar\/deporte-turismo\/wp-content\/uploads\/2025\/01\/titulos-Recuperado-16-768x271.png 768w, https:\/\/villamariaturismo.com.ar\/deporte-turismo\/wp-content\/uploads\/2025\/01\/titulos-Recuperado-16-300x106.png 300w, https:\/\/villamariaturismo.com.ar\/deporte-turismo\/wp-content\/uploads\/2025\/01\/titulos-Recuperado-16-1024x362.png 1024w, https:\/\/villamariaturismo.com.ar\/deporte-turismo\/wp-content\/uploads\/2025\/01\/titulos-Recuperado-16-1536x543.png 1536w, https:\/\/villamariaturismo.com.ar\/deporte-turismo\/wp-content\/uploads\/2025\/01\/titulos-Recuperado-16-2048x724.png 2048w\" sizes=\"(max-width: 768px) 100vw, 768px\" \/>\t\t\t\t\t\t\t\t\t\t\t\t\t\t\t<\/div>\n\t\t\t\t<\/div>\n\t\t\t\t<div class=\"elementor-element elementor-element-4c918df7 elementor-widget elementor-widget-heading\" data-id=\"4c918df7\" data-element_type=\"widget\" data-widget_type=\"heading.default\">\n\t\t\t\t<div class=\"elementor-widget-container\">\n\t\t\t\t\t<h2 class=\"elementor-heading-title elementor-size-default\">Circuito del queso<\/h2>\t\t\t\t<\/div>\n\t\t\t\t<\/div>\n\t\t\t\t\t<\/div>\n\t\t\t\t<\/div>\n\t\t<div class=\"elementor-element elementor-element-4dbdd55e e-flex e-con-boxed e-con e-parent\" data-id=\"4dbdd55e\" data-element_type=\"container\" data-settings=\"{&quot;background_background&quot;:&quot;classic&quot;}\">\n\t\t\t\t\t<div class=\"e-con-inner\">\n\t\t\t\t<div class=\"elementor-element elementor-element-7572f145 elementor-widget elementor-widget-text-editor\" data-id=\"7572f145\" data-element_type=\"widget\" data-widget_type=\"text-editor.default\">\n\t\t\t\t<div class=\"elementor-widget-container\">\n\t\t\t\t\t\t\t\t\t<p>Un circuito hist\u00f3rico-cultural con el predio ferrourban\u00edstico como protagonista<\/p>\t\t\t\t\t\t\t\t<\/div>\n\t\t\t\t<\/div>\n\t\t\t\t<div class=\"elementor-element elementor-element-54d7b286 elementor-widget-divider--view-line elementor-widget elementor-widget-divider\" data-id=\"54d7b286\" data-element_type=\"widget\" data-widget_type=\"divider.default\">\n\t\t\t\t<div class=\"elementor-widget-container\">\n\t\t\t\t\t\t\t<div class=\"elementor-divider\">\n\t\t\t<span class=\"elementor-divider-separator\">\n\t\t\t\t\t\t<\/span>\n\t\t<\/div>\n\t\t\t\t\t\t<\/div>\n\t\t\t\t<\/div>\n\t\t\t\t\t<\/div>\n\t\t\t\t<\/div>\n\t\t<div class=\"elementor-element elementor-element-b46a7b0 e-flex e-con-boxed e-con e-parent\" data-id=\"b46a7b0\" data-element_type=\"container\">\n\t\t\t\t\t<div class=\"e-con-inner\">\n\t\t<div class=\"elementor-element elementor-element-5efffa15 e-con-full e-flex e-con e-child\" data-id=\"5efffa15\" data-element_type=\"container\">\n\t\t\t\t<div class=\"elementor-element elementor-element-6f05d537 elementor-widget elementor-widget-text-editor\" data-id=\"6f05d537\" data-element_type=\"widget\" data-widget_type=\"text-editor.default\">\n\t\t\t\t<div class=\"elementor-widget-container\">\n\t\t\t\t\t\t\t\t\t<h2><strong>Una ciudad ferroviaria<\/strong><\/h2><p><span style=\"font-weight: 400;\">Recorrido para conocer la historia y el presente del Ferrocarril. Se recorrer\u00e1n los galpones ferroviarios refuncionalizados (Medioteca, Tecnoteca, Centro Cultural Comunitario) y el Bosque Aut\u00f3ctono.<\/span><\/p><p><b>Modalidad<\/b><span style=\"font-weight: 400;\">: Pedestre<\/span><\/p>\t\t\t\t\t\t\t\t<\/div>\n\t\t\t\t<\/div>\n\t\t<div class=\"elementor-element elementor-element-c21c47d e-con-full e-flex e-con e-child\" data-id=\"c21c47d\" data-element_type=\"container\">\n\t\t\t\t<div class=\"elementor-element elementor-element-d5f4a8b elementor-align-center elementor-widget elementor-widget-button\" data-id=\"d5f4a8b\" data-element_type=\"widget\" data-widget_type=\"button.default\">\n\t\t\t\t<div class=\"elementor-widget-container\">\n\t\t\t\t\t\t\t\t\t<div class=\"elementor-button-wrapper\">\n\t\t\t\t\t<a class=\"elementor-button elementor-size-sm\" role=\"button\">\n\t\t\t\t\t\t<span class=\"elementor-button-content-wrapper\">\n\t\t\t\t\t\t\t\t\t<span class=\"elementor-button-text\">Reserv\u00e1 tu lugar<\/span>\n\t\t\t\t\t<\/span>\n\t\t\t\t\t<\/a>\n\t\t\t\t<\/div>\n\t\t\t\t\t\t\t\t<\/div>\n\t\t\t\t<\/div>\n\t\t\t\t<div class=\"elementor-element elementor-element-a7680e5 elementor-widget elementor-widget-text-editor\" data-id=\"a7680e5\" data-element_type=\"widget\" data-widget_type=\"text-editor.default\">\n\t\t\t\t<div class=\"elementor-widget-container\">\n\t\t\t\t\t\t\t\t\t<p>(0353) 4536532<\/p><p>3534061430<\/p>\t\t\t\t\t\t\t\t<\/div>\n\t\t\t\t<\/div>\n\t\t\t\t<\/div>\n\t\t\t\t<\/div>\n\t\t<div class=\"elementor-element elementor-element-5bbb0340 e-con-full e-flex e-con e-child\" data-id=\"5bbb0340\" data-element_type=\"container\">\n\t\t\t\t<div class=\"elementor-element elementor-element-5bd38422 elementor-widget elementor-widget-gallery\" data-id=\"5bd38422\" data-element_type=\"widget\" data-settings=\"{&quot;gallery_layout&quot;:&quot;masonry&quot;,&quot;columns&quot;:2,&quot;image_hover_animation&quot;:&quot;grow&quot;,&quot;content_hover_animation&quot;:&quot;grow&quot;,&quot;lazyload&quot;:&quot;yes&quot;,&quot;columns_tablet&quot;:2,&quot;columns_mobile&quot;:1,&quot;gap&quot;:{&quot;unit&quot;:&quot;px&quot;,&quot;size&quot;:10,&quot;sizes&quot;:[]},&quot;gap_tablet&quot;:{&quot;unit&quot;:&quot;px&quot;,&quot;size&quot;:10,&quot;sizes&quot;:[]},&quot;gap_mobile&quot;:{&quot;unit&quot;:&quot;px&quot;,&quot;size&quot;:10,&quot;sizes&quot;:[]},&quot;link_to&quot;:&quot;file&quot;,&quot;overlay_background&quot;:&quot;yes&quot;}\" data-widget_type=\"gallery.default\">\n\t\t\t\t<div class=\"elementor-widget-container\">\n\t\t\t\t\t\t\t<div class=\"elementor-gallery__container\">\n\t\t\t\t\t\t\t<a class=\"e-gallery-item elementor-gallery-item elementor-animated-content\" href=\"https:\/\/villamariaturismo.com.ar\/deporte-turismo\/wp-content\/uploads\/2024\/11\/tecnoteca-scaled.jpg\" data-elementor-open-lightbox=\"yes\" data-elementor-lightbox-slideshow=\"5bd38422\" data-e-action-hash=\"#elementor-action%3Aaction%3Dlightbox%26settings%3DeyJpZCI6OTE3LCJ1cmwiOiJodHRwczpcL1wvdmlsbGFtYXJpYXR1cmlzbW8uY29tLmFyXC9kZXBvcnRlLXR1cmlzbW9cL3dwLWNvbnRlbnRcL3VwbG9hZHNcLzIwMjRcLzExXC90ZWNub3RlY2Etc2NhbGVkLmpwZyIsInNsaWRlc2hvdyI6IjViZDM4NDIyIn0%3D\">\n\t\t\t\t\t<div class=\"e-gallery-image elementor-gallery-item__image\" data-thumbnail=\"https:\/\/villamariaturismo.com.ar\/deporte-turismo\/wp-content\/uploads\/2024\/11\/tecnoteca-300x200.jpg\" data-width=\"300\" data-height=\"200\" aria-label=\"\" role=\"img\" ><\/div>\n\t\t\t\t\t\t\t\t\t\t\t<div class=\"elementor-gallery-item__overlay\"><\/div>\n\t\t\t\t\t\t\t\t\t\t\t\t\t\t<\/a>\n\t\t\t\t\t\t\t<a class=\"e-gallery-item elementor-gallery-item elementor-animated-content\" href=\"https:\/\/villamariaturismo.com.ar\/deporte-turismo\/wp-content\/uploads\/2024\/11\/centro-cultural-scaled.jpg\" data-elementor-open-lightbox=\"yes\" data-elementor-lightbox-slideshow=\"5bd38422\" data-e-action-hash=\"#elementor-action%3Aaction%3Dlightbox%26settings%3DeyJpZCI6OTIyLCJ1cmwiOiJodHRwczpcL1wvdmlsbGFtYXJpYXR1cmlzbW8uY29tLmFyXC9kZXBvcnRlLXR1cmlzbW9cL3dwLWNvbnRlbnRcL3VwbG9hZHNcLzIwMjRcLzExXC9jZW50cm8tY3VsdHVyYWwtc2NhbGVkLmpwZyIsInNsaWRlc2hvdyI6IjViZDM4NDIyIn0%3D\">\n\t\t\t\t\t<div class=\"e-gallery-image elementor-gallery-item__image\" data-thumbnail=\"https:\/\/villamariaturismo.com.ar\/deporte-turismo\/wp-content\/uploads\/2024\/11\/centro-cultural-300x215.jpg\" data-width=\"300\" data-height=\"215\" aria-label=\"\" role=\"img\" ><\/div>\n\t\t\t\t\t\t\t\t\t\t\t<div class=\"elementor-gallery-item__overlay\"><\/div>\n\t\t\t\t\t\t\t\t\t\t\t\t\t\t<\/a>\n\t\t\t\t\t\t\t<a class=\"e-gallery-item elementor-gallery-item elementor-animated-content\" href=\"https:\/\/villamariaturismo.com.ar\/deporte-turismo\/wp-content\/uploads\/2024\/11\/medioteca-scaled.jpg\" data-elementor-open-lightbox=\"yes\" data-elementor-lightbox-slideshow=\"5bd38422\" data-e-action-hash=\"#elementor-action%3Aaction%3Dlightbox%26settings%3DeyJpZCI6OTA1LCJ1cmwiOiJodHRwczpcL1wvdmlsbGFtYXJpYXR1cmlzbW8uY29tLmFyXC9kZXBvcnRlLXR1cmlzbW9cL3dwLWNvbnRlbnRcL3VwbG9hZHNcLzIwMjRcLzExXC9tZWRpb3RlY2Etc2NhbGVkLmpwZyIsInNsaWRlc2hvdyI6IjViZDM4NDIyIn0%3D\">\n\t\t\t\t\t<div class=\"e-gallery-image elementor-gallery-item__image\" data-thumbnail=\"https:\/\/villamariaturismo.com.ar\/deporte-turismo\/wp-content\/uploads\/2024\/11\/medioteca-300x200.jpg\" data-width=\"300\" data-height=\"200\" aria-label=\"\" role=\"img\" ><\/div>\n\t\t\t\t\t\t\t\t\t\t\t<div class=\"elementor-gallery-item__overlay\"><\/div>\n\t\t\t\t\t\t\t\t\t\t\t\t\t\t<\/a>\n\t\t\t\t\t\t\t<a class=\"e-gallery-item elementor-gallery-item elementor-animated-content\" href=\"https:\/\/villamariaturismo.com.ar\/deporte-turismo\/wp-content\/uploads\/2024\/11\/bosque-autoctono.jpg\" data-elementor-open-lightbox=\"yes\" data-elementor-lightbox-slideshow=\"5bd38422\" data-e-action-hash=\"#elementor-action%3Aaction%3Dlightbox%26settings%3DeyJpZCI6OTIwLCJ1cmwiOiJodHRwczpcL1wvdmlsbGFtYXJpYXR1cmlzbW8uY29tLmFyXC9kZXBvcnRlLXR1cmlzbW9cL3dwLWNvbnRlbnRcL3VwbG9hZHNcLzIwMjRcLzExXC9ib3NxdWUtYXV0b2N0b25vLmpwZyIsInNsaWRlc2hvdyI6IjViZDM4NDIyIn0%3D\">\n\t\t\t\t\t<div class=\"e-gallery-image elementor-gallery-item__image\" data-thumbnail=\"https:\/\/villamariaturismo.com.ar\/deporte-turismo\/wp-content\/uploads\/2024\/11\/bosque-autoctono-300x200.jpg\" data-width=\"300\" data-height=\"200\" aria-label=\"\" role=\"img\" ><\/div>\n\t\t\t\t\t\t\t\t\t\t\t<div class=\"elementor-gallery-item__overlay\"><\/div>\n\t\t\t\t\t\t\t\t\t\t\t\t\t\t<\/a>\n\t\t\t\t\t<\/div>\n\t\t\t\t\t<\/div>\n\t\t\t\t<\/div>\n\t\t\t\t<\/div>\n\t\t\t\t\t<\/div>\n\t\t\t\t<\/div>\n\t\t\t\t<\/div>\n\t\t","protected":false},"excerpt":{"rendered":"<p>Circuito del queso Un circuito hist\u00f3rico-cultural con el predio ferrourban\u00edstico como protagonista Una ciudad ferroviaria Recorrido para conocer la historia y el presente del Ferrocarril. Se recorrer\u00e1n los galpones ferroviarios [&hellip;]<\/p>\n","protected":false},"author":3,"featured_media":0,"parent":1480,"menu_order":0,"comment_status":"closed","ping_status":"closed","template":"","meta":{"_acf_changed":false,"footnotes":""},"class_list":["post-2916","page","type-page","status-publish","hentry"],"acf":[],"yoast_head":"<!-- This site is optimized with the Yoast SEO plugin v26.8 - https:\/\/yoast.com\/product\/yoast-seo-wordpress\/ -->\n<title>Ferrourban\u00edstico - Villa Mar\u00eda Deporte y Turismo<\/title>\n<meta name=\"robots\" content=\"index, follow, max-snippet:-1, max-image-preview:large, max-video-preview:-1\" \/>\n<link rel=\"canonical\" href=\"https:\/\/villamariaturismo.com.ar\/deporte-turismo\/circuitos-2\/ferrourbanistico\/\" \/>\n<meta property=\"og:locale\" content=\"es_ES\" \/>\n<meta property=\"og:type\" content=\"article\" \/>\n<meta property=\"og:title\" content=\"Ferrourban\u00edstico - Villa Mar\u00eda Deporte y Turismo\" \/>\n<meta property=\"og:description\" content=\"Circuito del queso Un circuito hist\u00f3rico-cultural con el predio ferrourban\u00edstico como protagonista Una ciudad ferroviaria Recorrido para conocer la historia y el presente del Ferrocarril. Se recorrer\u00e1n los galpones ferroviarios [&hellip;]\" \/>\n<meta property=\"og:url\" content=\"https:\/\/villamariaturismo.com.ar\/deporte-turismo\/circuitos-2\/ferrourbanistico\/\" \/>\n<meta property=\"og:site_name\" content=\"Villa Mar\u00eda Deporte y Turismo\" \/>\n<meta property=\"article:modified_time\" content=\"2025-10-08T15:27:34+00:00\" \/>\n<meta property=\"og:image\" content=\"https:\/\/villamariaturismo.com.ar\/deporte-turismo\/wp-content\/uploads\/2025\/01\/circuito-titulo_Mesa-de-trabajo-1.png\" \/>\n\t<meta property=\"og:image:width\" content=\"3246\" \/>\n\t<meta property=\"og:image:height\" content=\"559\" \/>\n\t<meta property=\"og:image:type\" content=\"image\/png\" \/>\n<meta name=\"twitter:card\" content=\"summary_large_image\" \/>\n<meta name=\"twitter:label1\" content=\"Tiempo de lectura\" \/>\n\t<meta name=\"twitter:data1\" content=\"1 minuto\" \/>\n<script type=\"application\/ld+json\" class=\"yoast-schema-graph\">{\"@context\":\"https:\/\/schema.org\",\"@graph\":[{\"@type\":\"WebPage\",\"@id\":\"https:\/\/villamariaturismo.com.ar\/deporte-turismo\/circuitos-2\/ferrourbanistico\/\",\"url\":\"https:\/\/villamariaturismo.com.ar\/deporte-turismo\/circuitos-2\/ferrourbanistico\/\",\"name\":\"Ferrourban\u00edstico - Villa Mar\u00eda Deporte y Turismo\",\"isPartOf\":{\"@id\":\"https:\/\/villamariaturismo.com.ar\/deporte-turismo\/#website\"},\"primaryImageOfPage\":{\"@id\":\"https:\/\/villamariaturismo.com.ar\/deporte-turismo\/circuitos-2\/ferrourbanistico\/#primaryimage\"},\"image\":{\"@id\":\"https:\/\/villamariaturismo.com.ar\/deporte-turismo\/circuitos-2\/ferrourbanistico\/#primaryimage\"},\"thumbnailUrl\":\"https:\/\/villamariaturismo.com.ar\/deporte-turismo\/wp-content\/uploads\/2025\/01\/circuito-titulo_Mesa-de-trabajo-1-1024x176.png\",\"datePublished\":\"2025-01-24T17:19:07+00:00\",\"dateModified\":\"2025-10-08T15:27:34+00:00\",\"breadcrumb\":{\"@id\":\"https:\/\/villamariaturismo.com.ar\/deporte-turismo\/circuitos-2\/ferrourbanistico\/#breadcrumb\"},\"inLanguage\":\"es\",\"potentialAction\":[{\"@type\":\"ReadAction\",\"target\":[\"https:\/\/villamariaturismo.com.ar\/deporte-turismo\/circuitos-2\/ferrourbanistico\/\"]}]},{\"@type\":\"ImageObject\",\"inLanguage\":\"es\",\"@id\":\"https:\/\/villamariaturismo.com.ar\/deporte-turismo\/circuitos-2\/ferrourbanistico\/#primaryimage\",\"url\":\"https:\/\/villamariaturismo.com.ar\/deporte-turismo\/wp-content\/uploads\/2025\/01\/circuito-titulo_Mesa-de-trabajo-1.png\",\"contentUrl\":\"https:\/\/villamariaturismo.com.ar\/deporte-turismo\/wp-content\/uploads\/2025\/01\/circuito-titulo_Mesa-de-trabajo-1.png\",\"width\":3246,\"height\":559},{\"@type\":\"BreadcrumbList\",\"@id\":\"https:\/\/villamariaturismo.com.ar\/deporte-turismo\/circuitos-2\/ferrourbanistico\/#breadcrumb\",\"itemListElement\":[{\"@type\":\"ListItem\",\"position\":1,\"name\":\"Portada\",\"item\":\"https:\/\/villamariaturismo.com.ar\/deporte-turismo\/\"},{\"@type\":\"ListItem\",\"position\":2,\"name\":\"Circuitos Tur\u00edsticos\",\"item\":\"https:\/\/villamariaturismo.com.ar\/deporte-turismo\/circuitos-2\/\"},{\"@type\":\"ListItem\",\"position\":3,\"name\":\"Ferrourban\u00edstico\"}]},{\"@type\":\"WebSite\",\"@id\":\"https:\/\/villamariaturismo.com.ar\/deporte-turismo\/#website\",\"url\":\"https:\/\/villamariaturismo.com.ar\/deporte-turismo\/\",\"name\":\"Villa Maria Deporte y Turismo\",\"description\":\"Secretaria de deporte y turismo de Villa Mar\u00eda\",\"publisher\":{\"@id\":\"https:\/\/villamariaturismo.com.ar\/deporte-turismo\/#organization\"},\"potentialAction\":[{\"@type\":\"SearchAction\",\"target\":{\"@type\":\"EntryPoint\",\"urlTemplate\":\"https:\/\/villamariaturismo.com.ar\/deporte-turismo\/?s={search_term_string}\"},\"query-input\":{\"@type\":\"PropertyValueSpecification\",\"valueRequired\":true,\"valueName\":\"search_term_string\"}}],\"inLanguage\":\"es\"},{\"@type\":\"Organization\",\"@id\":\"https:\/\/villamariaturismo.com.ar\/deporte-turismo\/#organization\",\"name\":\"Villa Maria Deporte y Turismo\",\"url\":\"https:\/\/villamariaturismo.com.ar\/deporte-turismo\/\",\"logo\":{\"@type\":\"ImageObject\",\"inLanguage\":\"es\",\"@id\":\"https:\/\/villamariaturismo.com.ar\/deporte-turismo\/#\/schema\/logo\/image\/\",\"url\":\"https:\/\/villamariaturismo.com.ar\/deporte-turismo\/wp-content\/uploads\/2024\/11\/logo_tte-e1730601264887.png\",\"contentUrl\":\"https:\/\/villamariaturismo.com.ar\/deporte-turismo\/wp-content\/uploads\/2024\/11\/logo_tte-e1730601264887.png\",\"width\":580,\"height\":290,\"caption\":\"Villa Maria Deporte y Turismo\"},\"image\":{\"@id\":\"https:\/\/villamariaturismo.com.ar\/deporte-turismo\/#\/schema\/logo\/image\/\"},\"sameAs\":[\"https:\/\/www.instagram.com\/villamariaturismo\/?hl=es\"]}]}<\/script>\n<!-- \/ Yoast SEO plugin. -->","yoast_head_json":{"title":"Ferrourban\u00edstico - Villa Mar\u00eda Deporte y Turismo","robots":{"index":"index","follow":"follow","max-snippet":"max-snippet:-1","max-image-preview":"max-image-preview:large","max-video-preview":"max-video-preview:-1"},"canonical":"https:\/\/villamariaturismo.com.ar\/deporte-turismo\/circuitos-2\/ferrourbanistico\/","og_locale":"es_ES","og_type":"article","og_title":"Ferrourban\u00edstico - Villa Mar\u00eda Deporte y Turismo","og_description":"Circuito del queso Un circuito hist\u00f3rico-cultural con el predio ferrourban\u00edstico como protagonista Una ciudad ferroviaria Recorrido para conocer la historia y el presente del Ferrocarril. Se recorrer\u00e1n los galpones ferroviarios [&hellip;]","og_url":"https:\/\/villamariaturismo.com.ar\/deporte-turismo\/circuitos-2\/ferrourbanistico\/","og_site_name":"Villa Mar\u00eda Deporte y Turismo","article_modified_time":"2025-10-08T15:27:34+00:00","og_image":[{"width":3246,"height":559,"url":"https:\/\/villamariaturismo.com.ar\/deporte-turismo\/wp-content\/uploads\/2025\/01\/circuito-titulo_Mesa-de-trabajo-1.png","type":"image\/png"}],"twitter_card":"summary_large_image","twitter_misc":{"Tiempo de lectura":"1 minuto"},"schema":{"@context":"https:\/\/schema.org","@graph":[{"@type":"WebPage","@id":"https:\/\/villamariaturismo.com.ar\/deporte-turismo\/circuitos-2\/ferrourbanistico\/","url":"https:\/\/villamariaturismo.com.ar\/deporte-turismo\/circuitos-2\/ferrourbanistico\/","name":"Ferrourban\u00edstico - Villa Mar\u00eda Deporte y Turismo","isPartOf":{"@id":"https:\/\/villamariaturismo.com.ar\/deporte-turismo\/#website"},"primaryImageOfPage":{"@id":"https:\/\/villamariaturismo.com.ar\/deporte-turismo\/circuitos-2\/ferrourbanistico\/#primaryimage"},"image":{"@id":"https:\/\/villamariaturismo.com.ar\/deporte-turismo\/circuitos-2\/ferrourbanistico\/#primaryimage"},"thumbnailUrl":"https:\/\/villamariaturismo.com.ar\/deporte-turismo\/wp-content\/uploads\/2025\/01\/circuito-titulo_Mesa-de-trabajo-1-1024x176.png","datePublished":"2025-01-24T17:19:07+00:00","dateModified":"2025-10-08T15:27:34+00:00","breadcrumb":{"@id":"https:\/\/villamariaturismo.com.ar\/deporte-turismo\/circuitos-2\/ferrourbanistico\/#breadcrumb"},"inLanguage":"es","potentialAction":[{"@type":"ReadAction","target":["https:\/\/villamariaturismo.com.ar\/deporte-turismo\/circuitos-2\/ferrourbanistico\/"]}]},{"@type":"ImageObject","inLanguage":"es","@id":"https:\/\/villamariaturismo.com.ar\/deporte-turismo\/circuitos-2\/ferrourbanistico\/#primaryimage","url":"https:\/\/villamariaturismo.com.ar\/deporte-turismo\/wp-content\/uploads\/2025\/01\/circuito-titulo_Mesa-de-trabajo-1.png","contentUrl":"https:\/\/villamariaturismo.com.ar\/deporte-turismo\/wp-content\/uploads\/2025\/01\/circuito-titulo_Mesa-de-trabajo-1.png","width":3246,"height":559},{"@type":"BreadcrumbList","@id":"https:\/\/villamariaturismo.com.ar\/deporte-turismo\/circuitos-2\/ferrourbanistico\/#breadcrumb","itemListElement":[{"@type":"ListItem","position":1,"name":"Portada","item":"https:\/\/villamariaturismo.com.ar\/deporte-turismo\/"},{"@type":"ListItem","position":2,"name":"Circuitos Tur\u00edsticos","item":"https:\/\/villamariaturismo.com.ar\/deporte-turismo\/circuitos-2\/"},{"@type":"ListItem","position":3,"name":"Ferrourban\u00edstico"}]},{"@type":"WebSite","@id":"https:\/\/villamariaturismo.com.ar\/deporte-turismo\/#website","url":"https:\/\/villamariaturismo.com.ar\/deporte-turismo\/","name":"Villa Maria Deporte y Turismo","description":"Secretaria de deporte y turismo de Villa Mar\u00eda","publisher":{"@id":"https:\/\/villamariaturismo.com.ar\/deporte-turismo\/#organization"},"potentialAction":[{"@type":"SearchAction","target":{"@type":"EntryPoint","urlTemplate":"https:\/\/villamariaturismo.com.ar\/deporte-turismo\/?s={search_term_string}"},"query-input":{"@type":"PropertyValueSpecification","valueRequired":true,"valueName":"search_term_string"}}],"inLanguage":"es"},{"@type":"Organization","@id":"https:\/\/villamariaturismo.com.ar\/deporte-turismo\/#organization","name":"Villa Maria Deporte y Turismo","url":"https:\/\/villamariaturismo.com.ar\/deporte-turismo\/","logo":{"@type":"ImageObject","inLanguage":"es","@id":"https:\/\/villamariaturismo.com.ar\/deporte-turismo\/#\/schema\/logo\/image\/","url":"https:\/\/villamariaturismo.com.ar\/deporte-turismo\/wp-content\/uploads\/2024\/11\/logo_tte-e1730601264887.png","contentUrl":"https:\/\/villamariaturismo.com.ar\/deporte-turismo\/wp-content\/uploads\/2024\/11\/logo_tte-e1730601264887.png","width":580,"height":290,"caption":"Villa Maria Deporte y Turismo"},"image":{"@id":"https:\/\/villamariaturismo.com.ar\/deporte-turismo\/#\/schema\/logo\/image\/"},"sameAs":["https:\/\/www.instagram.com\/villamariaturismo\/?hl=es"]}]}},"_links":{"self":[{"href":"https:\/\/villamariaturismo.com.ar\/deporte-turismo\/wp-json\/wp\/v2\/pages\/2916","targetHints":{"allow":["GET"]}}],"collection":[{"href":"https:\/\/villamariaturismo.com.ar\/deporte-turismo\/wp-json\/wp\/v2\/pages"}],"about":[{"href":"https:\/\/villamariaturismo.com.ar\/deporte-turismo\/wp-json\/wp\/v2\/types\/page"}],"author":[{"embeddable":true,"href":"https:\/\/villamariaturismo.com.ar\/deporte-turismo\/wp-json\/wp\/v2\/users\/3"}],"replies":[{"embeddable":true,"href":"https:\/\/villamariaturismo.com.ar\/deporte-turismo\/wp-json\/wp\/v2\/comments?post=2916"}],"version-history":[{"count":10,"href":"https:\/\/villamariaturismo.com.ar\/deporte-turismo\/wp-json\/wp\/v2\/pages\/2916\/revisions"}],"predecessor-version":[{"id":5309,"href":"https:\/\/villamariaturismo.com.ar\/deporte-turismo\/wp-json\/wp\/v2\/pages\/2916\/revisions\/5309"}],"up":[{"embeddable":true,"href":"https:\/\/villamariaturismo.com.ar\/deporte-turismo\/wp-json\/wp\/v2\/pages\/1480"}],"wp:attachment":[{"href":"https:\/\/villamariaturismo.com.ar\/deporte-turismo\/wp-json\/wp\/v2\/media?parent=2916"}],"curies":[{"name":"wp","href":"https:\/\/api.w.org\/{rel}","templated":true}]}}