{"id":2866,"date":"2025-01-24T16:20:33","date_gmt":"2025-01-24T16:20:33","guid":{"rendered":"https:\/\/villamariaturismo.com.ar\/deporte-turismo\/?page_id=2866"},"modified":"2025-10-08T15:30:24","modified_gmt":"2025-10-08T15:30:24","slug":"kayaks-3","status":"publish","type":"page","link":"https:\/\/villamariaturismo.com.ar\/deporte-turismo\/circuitos-2\/kayaks-3\/","title":{"rendered":"Recorrida en Kayaks"},"content":{"rendered":"\t\t<div data-elementor-type=\"wp-page\" data-elementor-id=\"2866\" class=\"elementor elementor-2866\" data-elementor-post-type=\"page\">\n\t\t\t\t<div class=\"elementor-element elementor-element-2a1011b9 e-flex e-con-boxed e-con e-parent\" data-id=\"2a1011b9\" data-element_type=\"container\" data-settings=\"{&quot;background_background&quot;:&quot;classic&quot;,&quot;sticky&quot;:&quot;top&quot;,&quot;sticky_on&quot;:[&quot;desktop&quot;,&quot;tablet&quot;,&quot;mobile&quot;],&quot;sticky_offset&quot;:0,&quot;sticky_effects_offset&quot;:0,&quot;sticky_anchor_link_offset&quot;:0}\">\n\t\t\t\t\t<div class=\"e-con-inner\">\n\t\t\t\t<div class=\"elementor-element elementor-element-437597f3 elementor-widget elementor-widget-image\" data-id=\"437597f3\" data-element_type=\"widget\" data-widget_type=\"image.default\">\n\t\t\t\t<div class=\"elementor-widget-container\">\n\t\t\t\t\t\t\t\t\t\t\t\t\t\t\t\t<a href=\"https:\/\/villamariaturismo.com.ar\/deporte-turismo\/circuitos-2\/\">\n\t\t\t\t\t\t\t<img fetchpriority=\"high\" decoding=\"async\" width=\"800\" height=\"138\" src=\"https:\/\/villamariaturismo.com.ar\/deporte-turismo\/wp-content\/uploads\/2025\/01\/circuito-titulo_Mesa-de-trabajo-1-1024x176.png\" class=\"attachment-large size-large wp-image-2651\" alt=\"\" srcset=\"https:\/\/villamariaturismo.com.ar\/deporte-turismo\/wp-content\/uploads\/2025\/01\/circuito-titulo_Mesa-de-trabajo-1-1024x176.png 1024w, https:\/\/villamariaturismo.com.ar\/deporte-turismo\/wp-content\/uploads\/2025\/01\/circuito-titulo_Mesa-de-trabajo-1-300x52.png 300w, https:\/\/villamariaturismo.com.ar\/deporte-turismo\/wp-content\/uploads\/2025\/01\/circuito-titulo_Mesa-de-trabajo-1-768x132.png 768w, https:\/\/villamariaturismo.com.ar\/deporte-turismo\/wp-content\/uploads\/2025\/01\/circuito-titulo_Mesa-de-trabajo-1-1536x265.png 1536w, https:\/\/villamariaturismo.com.ar\/deporte-turismo\/wp-content\/uploads\/2025\/01\/circuito-titulo_Mesa-de-trabajo-1-2048x353.png 2048w\" sizes=\"(max-width: 800px) 100vw, 800px\" \/>\t\t\t\t\t\t\t\t<\/a>\n\t\t\t\t\t\t\t\t\t\t\t\t\t\t\t<\/div>\n\t\t\t\t<\/div>\n\t\t\t\t\t<\/div>\n\t\t\t\t<\/div>\n\t\t<div class=\"elementor-element elementor-element-7c2d497 e-flex e-con-boxed e-con e-parent\" data-id=\"7c2d497\" data-element_type=\"container\" data-settings=\"{&quot;background_background&quot;:&quot;classic&quot;}\">\n\t\t\t\t\t<div class=\"e-con-inner\">\n\t\t\t\t<div class=\"elementor-element elementor-element-65e485a elementor-widget elementor-widget-image\" data-id=\"65e485a\" data-element_type=\"widget\" data-widget_type=\"image.default\">\n\t\t\t\t<div class=\"elementor-widget-container\">\n\t\t\t\t\t\t\t\t\t\t\t\t\t\t\t<img decoding=\"async\" width=\"768\" height=\"364\" src=\"https:\/\/villamariaturismo.com.ar\/deporte-turismo\/wp-content\/uploads\/2025\/01\/titulos-Recuperado-12-768x364.png\" class=\"attachment-medium_large size-medium_large wp-image-2388\" alt=\"\" srcset=\"https:\/\/villamariaturismo.com.ar\/deporte-turismo\/wp-content\/uploads\/2025\/01\/titulos-Recuperado-12-768x364.png 768w, https:\/\/villamariaturismo.com.ar\/deporte-turismo\/wp-content\/uploads\/2025\/01\/titulos-Recuperado-12-300x142.png 300w, https:\/\/villamariaturismo.com.ar\/deporte-turismo\/wp-content\/uploads\/2025\/01\/titulos-Recuperado-12-1024x485.png 1024w, https:\/\/villamariaturismo.com.ar\/deporte-turismo\/wp-content\/uploads\/2025\/01\/titulos-Recuperado-12-1536x728.png 1536w, https:\/\/villamariaturismo.com.ar\/deporte-turismo\/wp-content\/uploads\/2025\/01\/titulos-Recuperado-12-2048x970.png 2048w\" sizes=\"(max-width: 768px) 100vw, 768px\" \/>\t\t\t\t\t\t\t\t\t\t\t\t\t\t\t<\/div>\n\t\t\t\t<\/div>\n\t\t\t\t<div class=\"elementor-element elementor-element-477506c8 elementor-widget elementor-widget-heading\" data-id=\"477506c8\" data-element_type=\"widget\" data-widget_type=\"heading.default\">\n\t\t\t\t<div class=\"elementor-widget-container\">\n\t\t\t\t\t<h2 class=\"elementor-heading-title elementor-size-default\">Circuito del queso<\/h2>\t\t\t\t<\/div>\n\t\t\t\t<\/div>\n\t\t\t\t\t<\/div>\n\t\t\t\t<\/div>\n\t\t<div class=\"elementor-element elementor-element-291b199c e-flex e-con-boxed e-con e-parent\" data-id=\"291b199c\" data-element_type=\"container\" data-settings=\"{&quot;background_background&quot;:&quot;classic&quot;}\">\n\t\t\t\t\t<div class=\"e-con-inner\">\n\t\t\t\t<div class=\"elementor-element elementor-element-360251fd elementor-widget elementor-widget-text-editor\" data-id=\"360251fd\" data-element_type=\"widget\" data-widget_type=\"text-editor.default\">\n\t\t\t\t<div class=\"elementor-widget-container\">\n\t\t\t\t\t\t\t\t\t<p>Diversi\u00f3n asegurada en un recorrido diferente por el lago de la ciudad<\/p>\t\t\t\t\t\t\t\t<\/div>\n\t\t\t\t<\/div>\n\t\t\t\t<div class=\"elementor-element elementor-element-7e2a1d9f elementor-widget-divider--view-line elementor-widget elementor-widget-divider\" data-id=\"7e2a1d9f\" data-element_type=\"widget\" data-widget_type=\"divider.default\">\n\t\t\t\t<div class=\"elementor-widget-container\">\n\t\t\t\t\t\t\t<div class=\"elementor-divider\">\n\t\t\t<span class=\"elementor-divider-separator\">\n\t\t\t\t\t\t<\/span>\n\t\t<\/div>\n\t\t\t\t\t\t<\/div>\n\t\t\t\t<\/div>\n\t\t\t\t\t<\/div>\n\t\t\t\t<\/div>\n\t\t<div class=\"elementor-element elementor-element-4eab3160 e-flex e-con-boxed e-con e-parent\" data-id=\"4eab3160\" data-element_type=\"container\">\n\t\t\t\t\t<div class=\"e-con-inner\">\n\t\t<div class=\"elementor-element elementor-element-3c44ff68 e-con-full e-flex e-con e-child\" data-id=\"3c44ff68\" data-element_type=\"container\">\n\t\t\t\t<div class=\"elementor-element elementor-element-56ec3b84 elementor-widget elementor-widget-text-editor\" data-id=\"56ec3b84\" data-element_type=\"widget\" data-widget_type=\"text-editor.default\">\n\t\t\t\t<div class=\"elementor-widget-container\">\n\t\t\t\t\t\t\t\t\t<h2><strong>Una actividad acu\u00e1tica para toda la familia<\/strong><\/h2><p><span style=\"font-weight: 400;\">Desde la Direcci\u00f3n de Turismo se ponen a disposici\u00f3n kayaks para su pr\u00e9stamo durante una hora, libre y gratuito, para ni\u00f1os de 13 a 18 a\u00f1os acompa\u00f1ados por un adulto y para mayores. Los prestamos se realizan todos los d\u00edas de 15 a 18hs. en la bajada del lago de calle Sargento Cabral. Aqu\u00ed los visitantes encontrar\u00e1n kayaks individuales y dobles para disfrutar del lago de la ciudad.<\/span><\/p><p><b>Modalidad<\/b><span style=\"font-weight: 400;\">: Acu\u00e1tico (Kayaks)<\/span><\/p><h5><span class=\"gmail_default\">P<\/span>ara mas informaci<span class=\"gmail_default\">\u00f3<\/span>n contatese con:<br \/>Dire<span class=\"gmail_default\">cci\u00f3n<\/span>\u00a0de\u00a0<span class=\"gmail_default\">T<\/span>urismo de\u00a0V<span class=\"gmail_default\">illa Mar\u00eda<br \/><\/span>0353 -4536532 \/\u00a03<span class=\"gmail_default\">53-4061430<br \/><\/span><a href=\"https:\/\/www.instagram.com\/villamariaturismo\/?hl=es\" target=\"_blank\" rel=\"noopener\"><span class=\"gmail_default\">@<\/span>VillaMariaTurismo<\/a><\/h5>\t\t\t\t\t\t\t\t<\/div>\n\t\t\t\t<\/div>\n\t\t\t\t<\/div>\n\t\t<div class=\"elementor-element elementor-element-7bf94d33 e-con-full e-flex e-con e-child\" data-id=\"7bf94d33\" data-element_type=\"container\">\n\t\t\t\t<div class=\"elementor-element elementor-element-ba66219 elementor-widget elementor-widget-gallery\" data-id=\"ba66219\" data-element_type=\"widget\" data-settings=\"{&quot;gallery_layout&quot;:&quot;masonry&quot;,&quot;columns&quot;:1,&quot;image_hover_animation&quot;:&quot;grow&quot;,&quot;content_hover_animation&quot;:&quot;grow&quot;,&quot;lazyload&quot;:&quot;yes&quot;,&quot;columns_tablet&quot;:2,&quot;columns_mobile&quot;:1,&quot;gap&quot;:{&quot;unit&quot;:&quot;px&quot;,&quot;size&quot;:10,&quot;sizes&quot;:[]},&quot;gap_tablet&quot;:{&quot;unit&quot;:&quot;px&quot;,&quot;size&quot;:10,&quot;sizes&quot;:[]},&quot;gap_mobile&quot;:{&quot;unit&quot;:&quot;px&quot;,&quot;size&quot;:10,&quot;sizes&quot;:[]},&quot;link_to&quot;:&quot;file&quot;,&quot;overlay_background&quot;:&quot;yes&quot;}\" data-widget_type=\"gallery.default\">\n\t\t\t\t<div class=\"elementor-widget-container\">\n\t\t\t\t\t\t\t<div class=\"elementor-gallery__container\">\n\t\t\t\t\t\t\t<a class=\"e-gallery-item elementor-gallery-item elementor-animated-content\" href=\"https:\/\/villamariaturismo.com.ar\/deporte-turismo\/wp-content\/uploads\/2024\/11\/anfi-scaled.jpg\" data-elementor-open-lightbox=\"yes\" data-elementor-lightbox-slideshow=\"ba66219\" data-e-action-hash=\"#elementor-action%3Aaction%3Dlightbox%26settings%3DeyJpZCI6OTE5LCJ1cmwiOiJodHRwczpcL1wvdmlsbGFtYXJpYXR1cmlzbW8uY29tLmFyXC9kZXBvcnRlLXR1cmlzbW9cL3dwLWNvbnRlbnRcL3VwbG9hZHNcLzIwMjRcLzExXC9hbmZpLXNjYWxlZC5qcGciLCJzbGlkZXNob3ciOiJiYTY2MjE5In0%3D\">\n\t\t\t\t\t<div class=\"e-gallery-image elementor-gallery-item__image\" data-thumbnail=\"https:\/\/villamariaturismo.com.ar\/deporte-turismo\/wp-content\/uploads\/2024\/11\/anfi-300x200.jpg\" data-width=\"300\" data-height=\"200\" aria-label=\"\" role=\"img\" ><\/div>\n\t\t\t\t\t\t\t\t\t\t\t<div class=\"elementor-gallery-item__overlay\"><\/div>\n\t\t\t\t\t\t\t\t\t\t\t\t\t\t<\/a>\n\t\t\t\t\t\t\t<a class=\"e-gallery-item elementor-gallery-item elementor-animated-content\" href=\"https:\/\/villamariaturismo.com.ar\/deporte-turismo\/wp-content\/uploads\/2024\/12\/KAYAKS-1.jpg\" data-elementor-open-lightbox=\"yes\" data-elementor-lightbox-slideshow=\"ba66219\" data-e-action-hash=\"#elementor-action%3Aaction%3Dlightbox%26settings%3DeyJpZCI6MTUxNiwidXJsIjoiaHR0cHM6XC9cL3ZpbGxhbWFyaWF0dXJpc21vLmNvbS5hclwvZGVwb3J0ZS10dXJpc21vXC93cC1jb250ZW50XC91cGxvYWRzXC8yMDI0XC8xMlwvS0FZQUtTLTEuanBnIiwic2xpZGVzaG93IjoiYmE2NjIxOSJ9\">\n\t\t\t\t\t<div class=\"e-gallery-image elementor-gallery-item__image\" data-thumbnail=\"https:\/\/villamariaturismo.com.ar\/deporte-turismo\/wp-content\/uploads\/2024\/12\/KAYAKS-1-300x199.jpg\" data-width=\"300\" data-height=\"199\" aria-label=\"\" role=\"img\" ><\/div>\n\t\t\t\t\t\t\t\t\t\t\t<div class=\"elementor-gallery-item__overlay\"><\/div>\n\t\t\t\t\t\t\t\t\t\t\t\t\t\t<\/a>\n\t\t\t\t\t\t\t<a class=\"e-gallery-item elementor-gallery-item elementor-animated-content\" href=\"https:\/\/villamariaturismo.com.ar\/deporte-turismo\/wp-content\/uploads\/2024\/11\/3-PASEO-DEL-LAGO-scaled.jpg\" data-elementor-open-lightbox=\"yes\" data-elementor-lightbox-slideshow=\"ba66219\" data-e-action-hash=\"#elementor-action%3Aaction%3Dlightbox%26settings%3DeyJpZCI6NzI0LCJ1cmwiOiJodHRwczpcL1wvdmlsbGFtYXJpYXR1cmlzbW8uY29tLmFyXC9kZXBvcnRlLXR1cmlzbW9cL3dwLWNvbnRlbnRcL3VwbG9hZHNcLzIwMjRcLzExXC8zLVBBU0VPLURFTC1MQUdPLXNjYWxlZC5qcGciLCJzbGlkZXNob3ciOiJiYTY2MjE5In0%3D\">\n\t\t\t\t\t<div class=\"e-gallery-image elementor-gallery-item__image\" data-thumbnail=\"https:\/\/villamariaturismo.com.ar\/deporte-turismo\/wp-content\/uploads\/2024\/11\/3-PASEO-DEL-LAGO-300x200.jpg\" data-width=\"300\" data-height=\"200\" aria-label=\"\" role=\"img\" ><\/div>\n\t\t\t\t\t\t\t\t\t\t\t<div class=\"elementor-gallery-item__overlay\"><\/div>\n\t\t\t\t\t\t\t\t\t\t\t\t\t\t<\/a>\n\t\t\t\t\t<\/div>\n\t\t\t\t\t<\/div>\n\t\t\t\t<\/div>\n\t\t\t\t<\/div>\n\t\t\t\t\t<\/div>\n\t\t\t\t<\/div>\n\t\t\t\t<\/div>\n\t\t","protected":false},"excerpt":{"rendered":"<p>Circuito del queso Diversi\u00f3n asegurada en un recorrido diferente por el lago de la ciudad Una actividad acu\u00e1tica para toda la familia Desde la Direcci\u00f3n de Turismo se ponen a [&hellip;]<\/p>\n","protected":false},"author":3,"featured_media":0,"parent":1480,"menu_order":0,"comment_status":"closed","ping_status":"closed","template":"","meta":{"_acf_changed":false,"footnotes":""},"class_list":["post-2866","page","type-page","status-publish","hentry"],"acf":[],"yoast_head":"<!-- This site is optimized with the Yoast SEO plugin v26.8 - https:\/\/yoast.com\/product\/yoast-seo-wordpress\/ -->\n<title>Recorrida en Kayaks - Villa Mar\u00eda Deporte y Turismo<\/title>\n<meta name=\"robots\" content=\"index, follow, max-snippet:-1, max-image-preview:large, max-video-preview:-1\" \/>\n<link rel=\"canonical\" href=\"https:\/\/villamariaturismo.com.ar\/deporte-turismo\/circuitos-2\/kayaks-3\/\" \/>\n<meta property=\"og:locale\" content=\"es_ES\" \/>\n<meta property=\"og:type\" content=\"article\" \/>\n<meta property=\"og:title\" content=\"Recorrida en Kayaks - Villa Mar\u00eda Deporte y Turismo\" \/>\n<meta property=\"og:description\" content=\"Circuito del queso Diversi\u00f3n asegurada en un recorrido diferente por el lago de la ciudad Una actividad acu\u00e1tica para toda la familia Desde la Direcci\u00f3n de Turismo se ponen a [&hellip;]\" \/>\n<meta property=\"og:url\" content=\"https:\/\/villamariaturismo.com.ar\/deporte-turismo\/circuitos-2\/kayaks-3\/\" \/>\n<meta property=\"og:site_name\" content=\"Villa Mar\u00eda Deporte y Turismo\" \/>\n<meta property=\"article:modified_time\" content=\"2025-10-08T15:30:24+00:00\" \/>\n<meta property=\"og:image\" content=\"https:\/\/villamariaturismo.com.ar\/deporte-turismo\/wp-content\/uploads\/2025\/01\/circuito-titulo_Mesa-de-trabajo-1.png\" \/>\n\t<meta property=\"og:image:width\" content=\"3246\" \/>\n\t<meta property=\"og:image:height\" content=\"559\" \/>\n\t<meta property=\"og:image:type\" content=\"image\/png\" \/>\n<meta name=\"twitter:card\" content=\"summary_large_image\" \/>\n<meta name=\"twitter:label1\" content=\"Tiempo de lectura\" \/>\n\t<meta name=\"twitter:data1\" content=\"2 minutos\" \/>\n<script type=\"application\/ld+json\" class=\"yoast-schema-graph\">{\"@context\":\"https:\/\/schema.org\",\"@graph\":[{\"@type\":\"WebPage\",\"@id\":\"https:\/\/villamariaturismo.com.ar\/deporte-turismo\/circuitos-2\/kayaks-3\/\",\"url\":\"https:\/\/villamariaturismo.com.ar\/deporte-turismo\/circuitos-2\/kayaks-3\/\",\"name\":\"Recorrida en Kayaks - Villa Mar\u00eda Deporte y Turismo\",\"isPartOf\":{\"@id\":\"https:\/\/villamariaturismo.com.ar\/deporte-turismo\/#website\"},\"primaryImageOfPage\":{\"@id\":\"https:\/\/villamariaturismo.com.ar\/deporte-turismo\/circuitos-2\/kayaks-3\/#primaryimage\"},\"image\":{\"@id\":\"https:\/\/villamariaturismo.com.ar\/deporte-turismo\/circuitos-2\/kayaks-3\/#primaryimage\"},\"thumbnailUrl\":\"https:\/\/villamariaturismo.com.ar\/deporte-turismo\/wp-content\/uploads\/2025\/01\/circuito-titulo_Mesa-de-trabajo-1-1024x176.png\",\"datePublished\":\"2025-01-24T16:20:33+00:00\",\"dateModified\":\"2025-10-08T15:30:24+00:00\",\"breadcrumb\":{\"@id\":\"https:\/\/villamariaturismo.com.ar\/deporte-turismo\/circuitos-2\/kayaks-3\/#breadcrumb\"},\"inLanguage\":\"es\",\"potentialAction\":[{\"@type\":\"ReadAction\",\"target\":[\"https:\/\/villamariaturismo.com.ar\/deporte-turismo\/circuitos-2\/kayaks-3\/\"]}]},{\"@type\":\"ImageObject\",\"inLanguage\":\"es\",\"@id\":\"https:\/\/villamariaturismo.com.ar\/deporte-turismo\/circuitos-2\/kayaks-3\/#primaryimage\",\"url\":\"https:\/\/villamariaturismo.com.ar\/deporte-turismo\/wp-content\/uploads\/2025\/01\/circuito-titulo_Mesa-de-trabajo-1.png\",\"contentUrl\":\"https:\/\/villamariaturismo.com.ar\/deporte-turismo\/wp-content\/uploads\/2025\/01\/circuito-titulo_Mesa-de-trabajo-1.png\",\"width\":3246,\"height\":559},{\"@type\":\"BreadcrumbList\",\"@id\":\"https:\/\/villamariaturismo.com.ar\/deporte-turismo\/circuitos-2\/kayaks-3\/#breadcrumb\",\"itemListElement\":[{\"@type\":\"ListItem\",\"position\":1,\"name\":\"Portada\",\"item\":\"https:\/\/villamariaturismo.com.ar\/deporte-turismo\/\"},{\"@type\":\"ListItem\",\"position\":2,\"name\":\"Circuitos Tur\u00edsticos\",\"item\":\"https:\/\/villamariaturismo.com.ar\/deporte-turismo\/circuitos-2\/\"},{\"@type\":\"ListItem\",\"position\":3,\"name\":\"Recorrida en Kayaks\"}]},{\"@type\":\"WebSite\",\"@id\":\"https:\/\/villamariaturismo.com.ar\/deporte-turismo\/#website\",\"url\":\"https:\/\/villamariaturismo.com.ar\/deporte-turismo\/\",\"name\":\"Villa Maria Deporte y Turismo\",\"description\":\"Secretaria de deporte y turismo de Villa Mar\u00eda\",\"publisher\":{\"@id\":\"https:\/\/villamariaturismo.com.ar\/deporte-turismo\/#organization\"},\"potentialAction\":[{\"@type\":\"SearchAction\",\"target\":{\"@type\":\"EntryPoint\",\"urlTemplate\":\"https:\/\/villamariaturismo.com.ar\/deporte-turismo\/?s={search_term_string}\"},\"query-input\":{\"@type\":\"PropertyValueSpecification\",\"valueRequired\":true,\"valueName\":\"search_term_string\"}}],\"inLanguage\":\"es\"},{\"@type\":\"Organization\",\"@id\":\"https:\/\/villamariaturismo.com.ar\/deporte-turismo\/#organization\",\"name\":\"Villa Maria Deporte y Turismo\",\"url\":\"https:\/\/villamariaturismo.com.ar\/deporte-turismo\/\",\"logo\":{\"@type\":\"ImageObject\",\"inLanguage\":\"es\",\"@id\":\"https:\/\/villamariaturismo.com.ar\/deporte-turismo\/#\/schema\/logo\/image\/\",\"url\":\"https:\/\/villamariaturismo.com.ar\/deporte-turismo\/wp-content\/uploads\/2024\/11\/logo_tte-e1730601264887.png\",\"contentUrl\":\"https:\/\/villamariaturismo.com.ar\/deporte-turismo\/wp-content\/uploads\/2024\/11\/logo_tte-e1730601264887.png\",\"width\":580,\"height\":290,\"caption\":\"Villa Maria Deporte y Turismo\"},\"image\":{\"@id\":\"https:\/\/villamariaturismo.com.ar\/deporte-turismo\/#\/schema\/logo\/image\/\"},\"sameAs\":[\"https:\/\/www.instagram.com\/villamariaturismo\/?hl=es\"]}]}<\/script>\n<!-- \/ Yoast SEO plugin. -->","yoast_head_json":{"title":"Recorrida en Kayaks - Villa Mar\u00eda Deporte y Turismo","robots":{"index":"index","follow":"follow","max-snippet":"max-snippet:-1","max-image-preview":"max-image-preview:large","max-video-preview":"max-video-preview:-1"},"canonical":"https:\/\/villamariaturismo.com.ar\/deporte-turismo\/circuitos-2\/kayaks-3\/","og_locale":"es_ES","og_type":"article","og_title":"Recorrida en Kayaks - Villa Mar\u00eda Deporte y Turismo","og_description":"Circuito del queso Diversi\u00f3n asegurada en un recorrido diferente por el lago de la ciudad Una actividad acu\u00e1tica para toda la familia Desde la Direcci\u00f3n de Turismo se ponen a [&hellip;]","og_url":"https:\/\/villamariaturismo.com.ar\/deporte-turismo\/circuitos-2\/kayaks-3\/","og_site_name":"Villa Mar\u00eda Deporte y Turismo","article_modified_time":"2025-10-08T15:30:24+00:00","og_image":[{"width":3246,"height":559,"url":"https:\/\/villamariaturismo.com.ar\/deporte-turismo\/wp-content\/uploads\/2025\/01\/circuito-titulo_Mesa-de-trabajo-1.png","type":"image\/png"}],"twitter_card":"summary_large_image","twitter_misc":{"Tiempo de lectura":"2 minutos"},"schema":{"@context":"https:\/\/schema.org","@graph":[{"@type":"WebPage","@id":"https:\/\/villamariaturismo.com.ar\/deporte-turismo\/circuitos-2\/kayaks-3\/","url":"https:\/\/villamariaturismo.com.ar\/deporte-turismo\/circuitos-2\/kayaks-3\/","name":"Recorrida en Kayaks - Villa Mar\u00eda Deporte y Turismo","isPartOf":{"@id":"https:\/\/villamariaturismo.com.ar\/deporte-turismo\/#website"},"primaryImageOfPage":{"@id":"https:\/\/villamariaturismo.com.ar\/deporte-turismo\/circuitos-2\/kayaks-3\/#primaryimage"},"image":{"@id":"https:\/\/villamariaturismo.com.ar\/deporte-turismo\/circuitos-2\/kayaks-3\/#primaryimage"},"thumbnailUrl":"https:\/\/villamariaturismo.com.ar\/deporte-turismo\/wp-content\/uploads\/2025\/01\/circuito-titulo_Mesa-de-trabajo-1-1024x176.png","datePublished":"2025-01-24T16:20:33+00:00","dateModified":"2025-10-08T15:30:24+00:00","breadcrumb":{"@id":"https:\/\/villamariaturismo.com.ar\/deporte-turismo\/circuitos-2\/kayaks-3\/#breadcrumb"},"inLanguage":"es","potentialAction":[{"@type":"ReadAction","target":["https:\/\/villamariaturismo.com.ar\/deporte-turismo\/circuitos-2\/kayaks-3\/"]}]},{"@type":"ImageObject","inLanguage":"es","@id":"https:\/\/villamariaturismo.com.ar\/deporte-turismo\/circuitos-2\/kayaks-3\/#primaryimage","url":"https:\/\/villamariaturismo.com.ar\/deporte-turismo\/wp-content\/uploads\/2025\/01\/circuito-titulo_Mesa-de-trabajo-1.png","contentUrl":"https:\/\/villamariaturismo.com.ar\/deporte-turismo\/wp-content\/uploads\/2025\/01\/circuito-titulo_Mesa-de-trabajo-1.png","width":3246,"height":559},{"@type":"BreadcrumbList","@id":"https:\/\/villamariaturismo.com.ar\/deporte-turismo\/circuitos-2\/kayaks-3\/#breadcrumb","itemListElement":[{"@type":"ListItem","position":1,"name":"Portada","item":"https:\/\/villamariaturismo.com.ar\/deporte-turismo\/"},{"@type":"ListItem","position":2,"name":"Circuitos Tur\u00edsticos","item":"https:\/\/villamariaturismo.com.ar\/deporte-turismo\/circuitos-2\/"},{"@type":"ListItem","position":3,"name":"Recorrida en Kayaks"}]},{"@type":"WebSite","@id":"https:\/\/villamariaturismo.com.ar\/deporte-turismo\/#website","url":"https:\/\/villamariaturismo.com.ar\/deporte-turismo\/","name":"Villa Maria Deporte y Turismo","description":"Secretaria de deporte y turismo de Villa Mar\u00eda","publisher":{"@id":"https:\/\/villamariaturismo.com.ar\/deporte-turismo\/#organization"},"potentialAction":[{"@type":"SearchAction","target":{"@type":"EntryPoint","urlTemplate":"https:\/\/villamariaturismo.com.ar\/deporte-turismo\/?s={search_term_string}"},"query-input":{"@type":"PropertyValueSpecification","valueRequired":true,"valueName":"search_term_string"}}],"inLanguage":"es"},{"@type":"Organization","@id":"https:\/\/villamariaturismo.com.ar\/deporte-turismo\/#organization","name":"Villa Maria Deporte y Turismo","url":"https:\/\/villamariaturismo.com.ar\/deporte-turismo\/","logo":{"@type":"ImageObject","inLanguage":"es","@id":"https:\/\/villamariaturismo.com.ar\/deporte-turismo\/#\/schema\/logo\/image\/","url":"https:\/\/villamariaturismo.com.ar\/deporte-turismo\/wp-content\/uploads\/2024\/11\/logo_tte-e1730601264887.png","contentUrl":"https:\/\/villamariaturismo.com.ar\/deporte-turismo\/wp-content\/uploads\/2024\/11\/logo_tte-e1730601264887.png","width":580,"height":290,"caption":"Villa Maria Deporte y Turismo"},"image":{"@id":"https:\/\/villamariaturismo.com.ar\/deporte-turismo\/#\/schema\/logo\/image\/"},"sameAs":["https:\/\/www.instagram.com\/villamariaturismo\/?hl=es"]}]}},"_links":{"self":[{"href":"https:\/\/villamariaturismo.com.ar\/deporte-turismo\/wp-json\/wp\/v2\/pages\/2866","targetHints":{"allow":["GET"]}}],"collection":[{"href":"https:\/\/villamariaturismo.com.ar\/deporte-turismo\/wp-json\/wp\/v2\/pages"}],"about":[{"href":"https:\/\/villamariaturismo.com.ar\/deporte-turismo\/wp-json\/wp\/v2\/types\/page"}],"author":[{"embeddable":true,"href":"https:\/\/villamariaturismo.com.ar\/deporte-turismo\/wp-json\/wp\/v2\/users\/3"}],"replies":[{"embeddable":true,"href":"https:\/\/villamariaturismo.com.ar\/deporte-turismo\/wp-json\/wp\/v2\/comments?post=2866"}],"version-history":[{"count":13,"href":"https:\/\/villamariaturismo.com.ar\/deporte-turismo\/wp-json\/wp\/v2\/pages\/2866\/revisions"}],"predecessor-version":[{"id":5330,"href":"https:\/\/villamariaturismo.com.ar\/deporte-turismo\/wp-json\/wp\/v2\/pages\/2866\/revisions\/5330"}],"up":[{"embeddable":true,"href":"https:\/\/villamariaturismo.com.ar\/deporte-turismo\/wp-json\/wp\/v2\/pages\/1480"}],"wp:attachment":[{"href":"https:\/\/villamariaturismo.com.ar\/deporte-turismo\/wp-json\/wp\/v2\/media?parent=2866"}],"curies":[{"name":"wp","href":"https:\/\/api.w.org\/{rel}","templated":true}]}}