{"id":2797,"date":"2025-01-23T22:22:09","date_gmt":"2025-01-23T22:22:09","guid":{"rendered":"https:\/\/villamariaturismo.com.ar\/deporte-turismo\/?page_id=2797"},"modified":"2025-10-08T15:30:38","modified_gmt":"2025-10-08T15:30:38","slug":"visita-granja","status":"publish","type":"page","link":"https:\/\/villamariaturismo.com.ar\/deporte-turismo\/circuitos-2\/visita-granja\/","title":{"rendered":"Visita a la granja"},"content":{"rendered":"\t\t<div data-elementor-type=\"wp-page\" data-elementor-id=\"2797\" class=\"elementor elementor-2797\" data-elementor-post-type=\"page\">\n\t\t\t\t<div class=\"elementor-element elementor-element-44546c03 e-flex e-con-boxed e-con e-parent\" data-id=\"44546c03\" data-element_type=\"container\" data-settings=\"{&quot;background_background&quot;:&quot;classic&quot;,&quot;sticky&quot;:&quot;top&quot;,&quot;sticky_on&quot;:[&quot;desktop&quot;,&quot;tablet&quot;,&quot;mobile&quot;],&quot;sticky_offset&quot;:0,&quot;sticky_effects_offset&quot;:0,&quot;sticky_anchor_link_offset&quot;:0}\">\n\t\t\t\t\t<div class=\"e-con-inner\">\n\t\t\t\t<div class=\"elementor-element elementor-element-74cba921 elementor-widget elementor-widget-image\" data-id=\"74cba921\" data-element_type=\"widget\" data-widget_type=\"image.default\">\n\t\t\t\t<div class=\"elementor-widget-container\">\n\t\t\t\t\t\t\t\t\t\t\t\t\t\t\t\t<a href=\"https:\/\/villamariaturismo.com.ar\/deporte-turismo\/circuitos\/\">\n\t\t\t\t\t\t\t<img fetchpriority=\"high\" decoding=\"async\" width=\"800\" height=\"138\" src=\"https:\/\/villamariaturismo.com.ar\/deporte-turismo\/wp-content\/uploads\/2025\/01\/circuito-titulo_Mesa-de-trabajo-1-1024x176.png\" class=\"attachment-large size-large wp-image-2651\" alt=\"\" srcset=\"https:\/\/villamariaturismo.com.ar\/deporte-turismo\/wp-content\/uploads\/2025\/01\/circuito-titulo_Mesa-de-trabajo-1-1024x176.png 1024w, https:\/\/villamariaturismo.com.ar\/deporte-turismo\/wp-content\/uploads\/2025\/01\/circuito-titulo_Mesa-de-trabajo-1-300x52.png 300w, https:\/\/villamariaturismo.com.ar\/deporte-turismo\/wp-content\/uploads\/2025\/01\/circuito-titulo_Mesa-de-trabajo-1-768x132.png 768w, https:\/\/villamariaturismo.com.ar\/deporte-turismo\/wp-content\/uploads\/2025\/01\/circuito-titulo_Mesa-de-trabajo-1-1536x265.png 1536w, https:\/\/villamariaturismo.com.ar\/deporte-turismo\/wp-content\/uploads\/2025\/01\/circuito-titulo_Mesa-de-trabajo-1-2048x353.png 2048w\" sizes=\"(max-width: 800px) 100vw, 800px\" \/>\t\t\t\t\t\t\t\t<\/a>\n\t\t\t\t\t\t\t\t\t\t\t\t\t\t\t<\/div>\n\t\t\t\t<\/div>\n\t\t\t\t\t<\/div>\n\t\t\t\t<\/div>\n\t\t<div class=\"elementor-element elementor-element-8b71e8a e-flex e-con-boxed e-con e-parent\" data-id=\"8b71e8a\" data-element_type=\"container\" data-settings=\"{&quot;background_background&quot;:&quot;classic&quot;}\">\n\t\t\t\t\t<div class=\"e-con-inner\">\n\t\t\t\t<div class=\"elementor-element elementor-element-611263b9 elementor-widget elementor-widget-image\" data-id=\"611263b9\" data-element_type=\"widget\" data-widget_type=\"image.default\">\n\t\t\t\t<div class=\"elementor-widget-container\">\n\t\t\t\t\t\t\t\t\t\t\t\t\t\t\t<img decoding=\"async\" width=\"768\" height=\"482\" src=\"https:\/\/villamariaturismo.com.ar\/deporte-turismo\/wp-content\/uploads\/2025\/01\/titulos2-07-768x482.png\" class=\"attachment-medium_large size-medium_large wp-image-2362\" alt=\"\" srcset=\"https:\/\/villamariaturismo.com.ar\/deporte-turismo\/wp-content\/uploads\/2025\/01\/titulos2-07-768x482.png 768w, https:\/\/villamariaturismo.com.ar\/deporte-turismo\/wp-content\/uploads\/2025\/01\/titulos2-07-300x188.png 300w, https:\/\/villamariaturismo.com.ar\/deporte-turismo\/wp-content\/uploads\/2025\/01\/titulos2-07-1024x643.png 1024w, https:\/\/villamariaturismo.com.ar\/deporte-turismo\/wp-content\/uploads\/2025\/01\/titulos2-07-1536x964.png 1536w, https:\/\/villamariaturismo.com.ar\/deporte-turismo\/wp-content\/uploads\/2025\/01\/titulos2-07-2048x1285.png 2048w\" sizes=\"(max-width: 768px) 100vw, 768px\" \/>\t\t\t\t\t\t\t\t\t\t\t\t\t\t\t<\/div>\n\t\t\t\t<\/div>\n\t\t\t\t<div class=\"elementor-element elementor-element-250be2f9 elementor-widget elementor-widget-heading\" data-id=\"250be2f9\" data-element_type=\"widget\" data-widget_type=\"heading.default\">\n\t\t\t\t<div class=\"elementor-widget-container\">\n\t\t\t\t\t<h2 class=\"elementor-heading-title elementor-size-default\">Circuito del queso<\/h2>\t\t\t\t<\/div>\n\t\t\t\t<\/div>\n\t\t\t\t\t<\/div>\n\t\t\t\t<\/div>\n\t\t<div class=\"elementor-element elementor-element-4122213c e-flex e-con-boxed e-con e-parent\" data-id=\"4122213c\" data-element_type=\"container\" data-settings=\"{&quot;background_background&quot;:&quot;classic&quot;}\">\n\t\t\t\t\t<div class=\"e-con-inner\">\n\t\t\t\t<div class=\"elementor-element elementor-element-5855c482 elementor-widget elementor-widget-text-editor\" data-id=\"5855c482\" data-element_type=\"widget\" data-widget_type=\"text-editor.default\">\n\t\t\t\t<div class=\"elementor-widget-container\">\n\t\t\t\t\t\t\t\t\t<p>Descubr\u00ed los secretos que nos convirtieron en una de las cuencas l\u00e1cteas m\u00e1s importantes del pa\u00eds<\/p>\t\t\t\t\t\t\t\t<\/div>\n\t\t\t\t<\/div>\n\t\t\t\t\t<\/div>\n\t\t\t\t<\/div>\n\t\t<div class=\"elementor-element elementor-element-47ba0777 e-flex e-con-boxed e-con e-parent\" data-id=\"47ba0777\" data-element_type=\"container\" data-settings=\"{&quot;background_background&quot;:&quot;classic&quot;}\">\n\t\t\t\t\t<div class=\"e-con-inner\">\n\t\t\t\t<div class=\"elementor-element elementor-element-63ba7635 elementor-widget-divider--view-line elementor-widget elementor-widget-divider\" data-id=\"63ba7635\" data-element_type=\"widget\" data-widget_type=\"divider.default\">\n\t\t\t\t<div class=\"elementor-widget-container\">\n\t\t\t\t\t\t\t<div class=\"elementor-divider\">\n\t\t\t<span class=\"elementor-divider-separator\">\n\t\t\t\t\t\t<\/span>\n\t\t<\/div>\n\t\t\t\t\t\t<\/div>\n\t\t\t\t<\/div>\n\t\t\t\t\t<\/div>\n\t\t\t\t<\/div>\n\t\t<div class=\"elementor-element elementor-element-85dd508 e-flex e-con-boxed e-con e-parent\" data-id=\"85dd508\" data-element_type=\"container\">\n\t\t\t\t\t<div class=\"e-con-inner\">\n\t\t<div class=\"elementor-element elementor-element-7235771 e-con-full e-flex e-con e-child\" data-id=\"7235771\" data-element_type=\"container\">\n\t\t\t\t<div class=\"elementor-element elementor-element-25812592 elementor-widget elementor-widget-text-editor\" data-id=\"25812592\" data-element_type=\"widget\" data-widget_type=\"text-editor.default\">\n\t\t\t\t<div class=\"elementor-widget-container\">\n\t\t\t\t\t\t\t\t\t<h2><strong>Dos sectores repletos de naturaleza<\/strong><\/h2><p>Villa Mar\u00eda nos permite pasar un d\u00eda en familia en espacios rurales, en donde el contacto con la naturaleza y los animales es lo principal. Se pueden visitar granjas, para tener contacto directo con animales, y realizar recorridas por senderos naturales. Esta iniciativa se puede disfrutar tanto en Fundaci\u00f3n Las Casuarinas como en el Multiparque Granja Ed\u00e9n.<\/p><p><strong>Modalidad:<\/strong>\u00a0Colectivo\/Auto<\/p>\t\t\t\t\t\t\t\t<\/div>\n\t\t\t\t<\/div>\n\t\t<div class=\"elementor-element elementor-element-9c3bca4 e-grid e-con-full e-con e-child\" data-id=\"9c3bca4\" data-element_type=\"container\">\n\t\t\t\t<div class=\"elementor-element elementor-element-fcd6459 elementor-widget elementor-widget-google_maps\" data-id=\"fcd6459\" data-element_type=\"widget\" data-widget_type=\"google_maps.default\">\n\t\t\t\t<div class=\"elementor-widget-container\">\n\t\t\t\t\t\t\t<div class=\"elementor-custom-embed\">\n\t\t\t<iframe loading=\"lazy\"\n\t\t\t\t\tsrc=\"https:\/\/maps.google.com\/maps?q=GRANJA%20ED%C3%89N%2C%20C%C3%B3rdoba&#038;t=m&#038;z=10&#038;output=embed&#038;iwloc=near\"\n\t\t\t\t\ttitle=\"GRANJA ED\u00c9N, C\u00f3rdoba\"\n\t\t\t\t\taria-label=\"GRANJA ED\u00c9N, C\u00f3rdoba\"\n\t\t\t><\/iframe>\n\t\t<\/div>\n\t\t\t\t\t\t<\/div>\n\t\t\t\t<\/div>\n\t\t\t\t<div class=\"elementor-element elementor-element-00f7413 elementor-widget elementor-widget-text-editor\" data-id=\"00f7413\" data-element_type=\"widget\" data-widget_type=\"text-editor.default\">\n\t\t\t\t<div class=\"elementor-widget-container\">\n\t\t\t\t\t\t\t\t\t<p><strong>Multiparque Granja Ed\u00e9n<\/strong><\/p><p>Abierto todos los d\u00edas, de 8 a 22 hs.<\/p><p><strong>Tel: 03472586025<\/strong><\/p>\t\t\t\t\t\t\t\t<\/div>\n\t\t\t\t<\/div>\n\t\t\t\t<div class=\"elementor-element elementor-element-0a47324 elementor-widget elementor-widget-google_maps\" data-id=\"0a47324\" data-element_type=\"widget\" data-widget_type=\"google_maps.default\">\n\t\t\t\t<div class=\"elementor-widget-container\">\n\t\t\t\t\t\t\t<div class=\"elementor-custom-embed\">\n\t\t\t<iframe loading=\"lazy\"\n\t\t\t\t\tsrc=\"https:\/\/maps.google.com\/maps?q=Fundaci%C3%B3n%20Las%20Casuarinas%2C%20RN158%20Km%20164%2C%20X5900%20Villa%20Mar%C3%ADa%2C%20C%C3%B3rdoba&#038;t=m&#038;z=10&#038;output=embed&#038;iwloc=near\"\n\t\t\t\t\ttitle=\"Fundaci\u00f3n Las Casuarinas, RN158 Km 164, X5900 Villa Mar\u00eda, C\u00f3rdoba\"\n\t\t\t\t\taria-label=\"Fundaci\u00f3n Las Casuarinas, RN158 Km 164, X5900 Villa Mar\u00eda, C\u00f3rdoba\"\n\t\t\t><\/iframe>\n\t\t<\/div>\n\t\t\t\t\t\t<\/div>\n\t\t\t\t<\/div>\n\t\t\t\t<div class=\"elementor-element elementor-element-4871069 elementor-widget elementor-widget-text-editor\" data-id=\"4871069\" data-element_type=\"widget\" data-widget_type=\"text-editor.default\">\n\t\t\t\t<div class=\"elementor-widget-container\">\n\t\t\t\t\t\t\t\t\t<p><strong>Fundaci\u00f3n Las Casuarinas<\/strong><br \/>(Ruta 158, Kil\u00f3metro 164)<\/p><p><strong>Tel: 0353-156561745<\/strong><\/p>\t\t\t\t\t\t\t\t<\/div>\n\t\t\t\t<\/div>\n\t\t\t\t<div class=\"elementor-element elementor-element-3837776 elementor-widget elementor-widget-google_maps\" data-id=\"3837776\" data-element_type=\"widget\" data-widget_type=\"google_maps.default\">\n\t\t\t\t<div class=\"elementor-widget-container\">\n\t\t\t\t\t\t\t<div class=\"elementor-custom-embed\">\n\t\t\t<iframe loading=\"lazy\"\n\t\t\t\t\tsrc=\"https:\/\/maps.google.com\/maps?q=Centro%20Ecuestre%20Los%20Baguales%2C%20Villa%20Maria&#038;t=m&#038;z=10&#038;output=embed&#038;iwloc=near\"\n\t\t\t\t\ttitle=\"Centro Ecuestre Los Baguales, Villa Maria\"\n\t\t\t\t\taria-label=\"Centro Ecuestre Los Baguales, Villa Maria\"\n\t\t\t><\/iframe>\n\t\t<\/div>\n\t\t\t\t\t\t<\/div>\n\t\t\t\t<\/div>\n\t\t\t\t<div class=\"elementor-element elementor-element-ab0009b elementor-widget elementor-widget-text-editor\" data-id=\"ab0009b\" data-element_type=\"widget\" data-widget_type=\"text-editor.default\">\n\t\t\t\t<div class=\"elementor-widget-container\">\n\t\t\t\t\t\t\t\t\t<p><strong>Centro Ecuestre Los Baguales<\/strong><br \/>Paraje La Rinconada<br \/>(RN158, km. 162, Detr\u00e1s de ATILRA)<\/p><p><strong>Tel: 358 5141341 \/\u00a0358 4126215<\/strong><\/p>\t\t\t\t\t\t\t\t<\/div>\n\t\t\t\t<\/div>\n\t\t\t\t<\/div>\n\t\t\t\t<\/div>\n\t\t<div class=\"elementor-element elementor-element-931b40c e-con-full e-flex e-con e-child\" data-id=\"931b40c\" data-element_type=\"container\">\n\t\t\t\t<div class=\"elementor-element elementor-element-42693ab elementor-widget elementor-widget-gallery\" data-id=\"42693ab\" data-element_type=\"widget\" data-settings=\"{&quot;gallery_layout&quot;:&quot;masonry&quot;,&quot;columns&quot;:1,&quot;image_hover_animation&quot;:&quot;grow&quot;,&quot;content_hover_animation&quot;:&quot;grow&quot;,&quot;lazyload&quot;:&quot;yes&quot;,&quot;columns_tablet&quot;:2,&quot;columns_mobile&quot;:1,&quot;gap&quot;:{&quot;unit&quot;:&quot;px&quot;,&quot;size&quot;:10,&quot;sizes&quot;:[]},&quot;gap_tablet&quot;:{&quot;unit&quot;:&quot;px&quot;,&quot;size&quot;:10,&quot;sizes&quot;:[]},&quot;gap_mobile&quot;:{&quot;unit&quot;:&quot;px&quot;,&quot;size&quot;:10,&quot;sizes&quot;:[]},&quot;link_to&quot;:&quot;file&quot;,&quot;overlay_background&quot;:&quot;yes&quot;}\" data-widget_type=\"gallery.default\">\n\t\t\t\t<div class=\"elementor-widget-container\">\n\t\t\t\t\t\t\t<div class=\"elementor-gallery__container\">\n\t\t\t\t\t\t\t<a class=\"e-gallery-item elementor-gallery-item elementor-animated-content\" href=\"https:\/\/villamariaturismo.com.ar\/deporte-turismo\/wp-content\/uploads\/2024\/12\/GRANJA-1.jpg\" data-elementor-open-lightbox=\"yes\" data-elementor-lightbox-slideshow=\"42693ab\" data-e-action-hash=\"#elementor-action%3Aaction%3Dlightbox%26settings%3DeyJpZCI6MTUyNCwidXJsIjoiaHR0cHM6XC9cL3ZpbGxhbWFyaWF0dXJpc21vLmNvbS5hclwvZGVwb3J0ZS10dXJpc21vXC93cC1jb250ZW50XC91cGxvYWRzXC8yMDI0XC8xMlwvR1JBTkpBLTEuanBnIiwic2xpZGVzaG93IjoiNDI2OTNhYiJ9\">\n\t\t\t\t\t<div class=\"e-gallery-image elementor-gallery-item__image\" data-thumbnail=\"https:\/\/villamariaturismo.com.ar\/deporte-turismo\/wp-content\/uploads\/2024\/12\/GRANJA-1-300x209.jpg\" data-width=\"300\" data-height=\"209\" aria-label=\"\" role=\"img\" ><\/div>\n\t\t\t\t\t\t\t\t\t\t\t<div class=\"elementor-gallery-item__overlay\"><\/div>\n\t\t\t\t\t\t\t\t\t\t\t\t\t\t<\/a>\n\t\t\t\t\t\t\t<a class=\"e-gallery-item elementor-gallery-item elementor-animated-content\" href=\"https:\/\/villamariaturismo.com.ar\/deporte-turismo\/wp-content\/uploads\/2024\/11\/eden-2.jpg\" data-elementor-open-lightbox=\"yes\" data-elementor-lightbox-slideshow=\"42693ab\" data-e-action-hash=\"#elementor-action%3Aaction%3Dlightbox%26settings%3DeyJpZCI6OTk1LCJ1cmwiOiJodHRwczpcL1wvdmlsbGFtYXJpYXR1cmlzbW8uY29tLmFyXC9kZXBvcnRlLXR1cmlzbW9cL3dwLWNvbnRlbnRcL3VwbG9hZHNcLzIwMjRcLzExXC9lZGVuLTIuanBnIiwic2xpZGVzaG93IjoiNDI2OTNhYiJ9\">\n\t\t\t\t\t<div class=\"e-gallery-image elementor-gallery-item__image\" data-thumbnail=\"https:\/\/villamariaturismo.com.ar\/deporte-turismo\/wp-content\/uploads\/2024\/11\/eden-2-300x199.jpg\" data-width=\"300\" data-height=\"199\" aria-label=\"\" role=\"img\" ><\/div>\n\t\t\t\t\t\t\t\t\t\t\t<div class=\"elementor-gallery-item__overlay\"><\/div>\n\t\t\t\t\t\t\t\t\t\t\t\t\t\t<\/a>\n\t\t\t\t\t<\/div>\n\t\t\t\t\t<\/div>\n\t\t\t\t<\/div>\n\t\t\t\t<\/div>\n\t\t\t\t\t<\/div>\n\t\t\t\t<\/div>\n\t\t\t\t<\/div>\n\t\t","protected":false},"excerpt":{"rendered":"<p>Circuito del queso Descubr\u00ed los secretos que nos convirtieron en una de las cuencas l\u00e1cteas m\u00e1s importantes del pa\u00eds Dos sectores repletos de naturaleza Villa Mar\u00eda nos permite pasar un [&hellip;]<\/p>\n","protected":false},"author":3,"featured_media":0,"parent":1480,"menu_order":0,"comment_status":"closed","ping_status":"closed","template":"","meta":{"_acf_changed":false,"footnotes":""},"class_list":["post-2797","page","type-page","status-publish","hentry"],"acf":[],"yoast_head":"<!-- This site is optimized with the Yoast SEO plugin v26.8 - https:\/\/yoast.com\/product\/yoast-seo-wordpress\/ -->\n<title>Visita a la granja - Villa Mar\u00eda Deporte y Turismo<\/title>\n<meta name=\"robots\" content=\"index, follow, max-snippet:-1, max-image-preview:large, max-video-preview:-1\" \/>\n<link rel=\"canonical\" href=\"https:\/\/villamariaturismo.com.ar\/deporte-turismo\/circuitos-2\/visita-granja\/\" \/>\n<meta property=\"og:locale\" content=\"es_ES\" \/>\n<meta property=\"og:type\" content=\"article\" \/>\n<meta property=\"og:title\" content=\"Visita a la granja - Villa Mar\u00eda Deporte y Turismo\" \/>\n<meta property=\"og:description\" content=\"Circuito del queso Descubr\u00ed los secretos que nos convirtieron en una de las cuencas l\u00e1cteas m\u00e1s importantes del pa\u00eds Dos sectores repletos de naturaleza Villa Mar\u00eda nos permite pasar un [&hellip;]\" \/>\n<meta property=\"og:url\" content=\"https:\/\/villamariaturismo.com.ar\/deporte-turismo\/circuitos-2\/visita-granja\/\" \/>\n<meta property=\"og:site_name\" content=\"Villa Mar\u00eda Deporte y Turismo\" \/>\n<meta property=\"article:modified_time\" content=\"2025-10-08T15:30:38+00:00\" \/>\n<meta property=\"og:image\" content=\"https:\/\/villamariaturismo.com.ar\/deporte-turismo\/wp-content\/uploads\/2025\/01\/circuito-titulo_Mesa-de-trabajo-1.png\" \/>\n\t<meta property=\"og:image:width\" content=\"3246\" \/>\n\t<meta property=\"og:image:height\" content=\"559\" \/>\n\t<meta property=\"og:image:type\" content=\"image\/png\" \/>\n<meta name=\"twitter:card\" content=\"summary_large_image\" \/>\n<meta name=\"twitter:label1\" content=\"Tiempo de lectura\" \/>\n\t<meta name=\"twitter:data1\" content=\"2 minutos\" \/>\n<script type=\"application\/ld+json\" class=\"yoast-schema-graph\">{\"@context\":\"https:\/\/schema.org\",\"@graph\":[{\"@type\":\"WebPage\",\"@id\":\"https:\/\/villamariaturismo.com.ar\/deporte-turismo\/circuitos-2\/visita-granja\/\",\"url\":\"https:\/\/villamariaturismo.com.ar\/deporte-turismo\/circuitos-2\/visita-granja\/\",\"name\":\"Visita a la granja - Villa Mar\u00eda Deporte y Turismo\",\"isPartOf\":{\"@id\":\"https:\/\/villamariaturismo.com.ar\/deporte-turismo\/#website\"},\"primaryImageOfPage\":{\"@id\":\"https:\/\/villamariaturismo.com.ar\/deporte-turismo\/circuitos-2\/visita-granja\/#primaryimage\"},\"image\":{\"@id\":\"https:\/\/villamariaturismo.com.ar\/deporte-turismo\/circuitos-2\/visita-granja\/#primaryimage\"},\"thumbnailUrl\":\"https:\/\/villamariaturismo.com.ar\/deporte-turismo\/wp-content\/uploads\/2025\/01\/circuito-titulo_Mesa-de-trabajo-1-1024x176.png\",\"datePublished\":\"2025-01-23T22:22:09+00:00\",\"dateModified\":\"2025-10-08T15:30:38+00:00\",\"breadcrumb\":{\"@id\":\"https:\/\/villamariaturismo.com.ar\/deporte-turismo\/circuitos-2\/visita-granja\/#breadcrumb\"},\"inLanguage\":\"es\",\"potentialAction\":[{\"@type\":\"ReadAction\",\"target\":[\"https:\/\/villamariaturismo.com.ar\/deporte-turismo\/circuitos-2\/visita-granja\/\"]}]},{\"@type\":\"ImageObject\",\"inLanguage\":\"es\",\"@id\":\"https:\/\/villamariaturismo.com.ar\/deporte-turismo\/circuitos-2\/visita-granja\/#primaryimage\",\"url\":\"https:\/\/villamariaturismo.com.ar\/deporte-turismo\/wp-content\/uploads\/2025\/01\/circuito-titulo_Mesa-de-trabajo-1.png\",\"contentUrl\":\"https:\/\/villamariaturismo.com.ar\/deporte-turismo\/wp-content\/uploads\/2025\/01\/circuito-titulo_Mesa-de-trabajo-1.png\",\"width\":3246,\"height\":559},{\"@type\":\"BreadcrumbList\",\"@id\":\"https:\/\/villamariaturismo.com.ar\/deporte-turismo\/circuitos-2\/visita-granja\/#breadcrumb\",\"itemListElement\":[{\"@type\":\"ListItem\",\"position\":1,\"name\":\"Portada\",\"item\":\"https:\/\/villamariaturismo.com.ar\/deporte-turismo\/\"},{\"@type\":\"ListItem\",\"position\":2,\"name\":\"Circuitos Tur\u00edsticos\",\"item\":\"https:\/\/villamariaturismo.com.ar\/deporte-turismo\/circuitos-2\/\"},{\"@type\":\"ListItem\",\"position\":3,\"name\":\"Visita a la granja\"}]},{\"@type\":\"WebSite\",\"@id\":\"https:\/\/villamariaturismo.com.ar\/deporte-turismo\/#website\",\"url\":\"https:\/\/villamariaturismo.com.ar\/deporte-turismo\/\",\"name\":\"Villa Maria Deporte y Turismo\",\"description\":\"Secretaria de deporte y turismo de Villa Mar\u00eda\",\"publisher\":{\"@id\":\"https:\/\/villamariaturismo.com.ar\/deporte-turismo\/#organization\"},\"potentialAction\":[{\"@type\":\"SearchAction\",\"target\":{\"@type\":\"EntryPoint\",\"urlTemplate\":\"https:\/\/villamariaturismo.com.ar\/deporte-turismo\/?s={search_term_string}\"},\"query-input\":{\"@type\":\"PropertyValueSpecification\",\"valueRequired\":true,\"valueName\":\"search_term_string\"}}],\"inLanguage\":\"es\"},{\"@type\":\"Organization\",\"@id\":\"https:\/\/villamariaturismo.com.ar\/deporte-turismo\/#organization\",\"name\":\"Villa Maria Deporte y Turismo\",\"url\":\"https:\/\/villamariaturismo.com.ar\/deporte-turismo\/\",\"logo\":{\"@type\":\"ImageObject\",\"inLanguage\":\"es\",\"@id\":\"https:\/\/villamariaturismo.com.ar\/deporte-turismo\/#\/schema\/logo\/image\/\",\"url\":\"https:\/\/villamariaturismo.com.ar\/deporte-turismo\/wp-content\/uploads\/2024\/11\/logo_tte-e1730601264887.png\",\"contentUrl\":\"https:\/\/villamariaturismo.com.ar\/deporte-turismo\/wp-content\/uploads\/2024\/11\/logo_tte-e1730601264887.png\",\"width\":580,\"height\":290,\"caption\":\"Villa Maria Deporte y Turismo\"},\"image\":{\"@id\":\"https:\/\/villamariaturismo.com.ar\/deporte-turismo\/#\/schema\/logo\/image\/\"},\"sameAs\":[\"https:\/\/www.instagram.com\/villamariaturismo\/?hl=es\"]}]}<\/script>\n<!-- \/ Yoast SEO plugin. -->","yoast_head_json":{"title":"Visita a la granja - Villa Mar\u00eda Deporte y Turismo","robots":{"index":"index","follow":"follow","max-snippet":"max-snippet:-1","max-image-preview":"max-image-preview:large","max-video-preview":"max-video-preview:-1"},"canonical":"https:\/\/villamariaturismo.com.ar\/deporte-turismo\/circuitos-2\/visita-granja\/","og_locale":"es_ES","og_type":"article","og_title":"Visita a la granja - Villa Mar\u00eda Deporte y Turismo","og_description":"Circuito del queso Descubr\u00ed los secretos que nos convirtieron en una de las cuencas l\u00e1cteas m\u00e1s importantes del pa\u00eds Dos sectores repletos de naturaleza Villa Mar\u00eda nos permite pasar un [&hellip;]","og_url":"https:\/\/villamariaturismo.com.ar\/deporte-turismo\/circuitos-2\/visita-granja\/","og_site_name":"Villa Mar\u00eda Deporte y Turismo","article_modified_time":"2025-10-08T15:30:38+00:00","og_image":[{"width":3246,"height":559,"url":"https:\/\/villamariaturismo.com.ar\/deporte-turismo\/wp-content\/uploads\/2025\/01\/circuito-titulo_Mesa-de-trabajo-1.png","type":"image\/png"}],"twitter_card":"summary_large_image","twitter_misc":{"Tiempo de lectura":"2 minutos"},"schema":{"@context":"https:\/\/schema.org","@graph":[{"@type":"WebPage","@id":"https:\/\/villamariaturismo.com.ar\/deporte-turismo\/circuitos-2\/visita-granja\/","url":"https:\/\/villamariaturismo.com.ar\/deporte-turismo\/circuitos-2\/visita-granja\/","name":"Visita a la granja - Villa Mar\u00eda Deporte y Turismo","isPartOf":{"@id":"https:\/\/villamariaturismo.com.ar\/deporte-turismo\/#website"},"primaryImageOfPage":{"@id":"https:\/\/villamariaturismo.com.ar\/deporte-turismo\/circuitos-2\/visita-granja\/#primaryimage"},"image":{"@id":"https:\/\/villamariaturismo.com.ar\/deporte-turismo\/circuitos-2\/visita-granja\/#primaryimage"},"thumbnailUrl":"https:\/\/villamariaturismo.com.ar\/deporte-turismo\/wp-content\/uploads\/2025\/01\/circuito-titulo_Mesa-de-trabajo-1-1024x176.png","datePublished":"2025-01-23T22:22:09+00:00","dateModified":"2025-10-08T15:30:38+00:00","breadcrumb":{"@id":"https:\/\/villamariaturismo.com.ar\/deporte-turismo\/circuitos-2\/visita-granja\/#breadcrumb"},"inLanguage":"es","potentialAction":[{"@type":"ReadAction","target":["https:\/\/villamariaturismo.com.ar\/deporte-turismo\/circuitos-2\/visita-granja\/"]}]},{"@type":"ImageObject","inLanguage":"es","@id":"https:\/\/villamariaturismo.com.ar\/deporte-turismo\/circuitos-2\/visita-granja\/#primaryimage","url":"https:\/\/villamariaturismo.com.ar\/deporte-turismo\/wp-content\/uploads\/2025\/01\/circuito-titulo_Mesa-de-trabajo-1.png","contentUrl":"https:\/\/villamariaturismo.com.ar\/deporte-turismo\/wp-content\/uploads\/2025\/01\/circuito-titulo_Mesa-de-trabajo-1.png","width":3246,"height":559},{"@type":"BreadcrumbList","@id":"https:\/\/villamariaturismo.com.ar\/deporte-turismo\/circuitos-2\/visita-granja\/#breadcrumb","itemListElement":[{"@type":"ListItem","position":1,"name":"Portada","item":"https:\/\/villamariaturismo.com.ar\/deporte-turismo\/"},{"@type":"ListItem","position":2,"name":"Circuitos Tur\u00edsticos","item":"https:\/\/villamariaturismo.com.ar\/deporte-turismo\/circuitos-2\/"},{"@type":"ListItem","position":3,"name":"Visita a la granja"}]},{"@type":"WebSite","@id":"https:\/\/villamariaturismo.com.ar\/deporte-turismo\/#website","url":"https:\/\/villamariaturismo.com.ar\/deporte-turismo\/","name":"Villa Maria Deporte y Turismo","description":"Secretaria de deporte y turismo de Villa Mar\u00eda","publisher":{"@id":"https:\/\/villamariaturismo.com.ar\/deporte-turismo\/#organization"},"potentialAction":[{"@type":"SearchAction","target":{"@type":"EntryPoint","urlTemplate":"https:\/\/villamariaturismo.com.ar\/deporte-turismo\/?s={search_term_string}"},"query-input":{"@type":"PropertyValueSpecification","valueRequired":true,"valueName":"search_term_string"}}],"inLanguage":"es"},{"@type":"Organization","@id":"https:\/\/villamariaturismo.com.ar\/deporte-turismo\/#organization","name":"Villa Maria Deporte y Turismo","url":"https:\/\/villamariaturismo.com.ar\/deporte-turismo\/","logo":{"@type":"ImageObject","inLanguage":"es","@id":"https:\/\/villamariaturismo.com.ar\/deporte-turismo\/#\/schema\/logo\/image\/","url":"https:\/\/villamariaturismo.com.ar\/deporte-turismo\/wp-content\/uploads\/2024\/11\/logo_tte-e1730601264887.png","contentUrl":"https:\/\/villamariaturismo.com.ar\/deporte-turismo\/wp-content\/uploads\/2024\/11\/logo_tte-e1730601264887.png","width":580,"height":290,"caption":"Villa Maria Deporte y Turismo"},"image":{"@id":"https:\/\/villamariaturismo.com.ar\/deporte-turismo\/#\/schema\/logo\/image\/"},"sameAs":["https:\/\/www.instagram.com\/villamariaturismo\/?hl=es"]}]}},"_links":{"self":[{"href":"https:\/\/villamariaturismo.com.ar\/deporte-turismo\/wp-json\/wp\/v2\/pages\/2797","targetHints":{"allow":["GET"]}}],"collection":[{"href":"https:\/\/villamariaturismo.com.ar\/deporte-turismo\/wp-json\/wp\/v2\/pages"}],"about":[{"href":"https:\/\/villamariaturismo.com.ar\/deporte-turismo\/wp-json\/wp\/v2\/types\/page"}],"author":[{"embeddable":true,"href":"https:\/\/villamariaturismo.com.ar\/deporte-turismo\/wp-json\/wp\/v2\/users\/3"}],"replies":[{"embeddable":true,"href":"https:\/\/villamariaturismo.com.ar\/deporte-turismo\/wp-json\/wp\/v2\/comments?post=2797"}],"version-history":[{"count":34,"href":"https:\/\/villamariaturismo.com.ar\/deporte-turismo\/wp-json\/wp\/v2\/pages\/2797\/revisions"}],"predecessor-version":[{"id":5333,"href":"https:\/\/villamariaturismo.com.ar\/deporte-turismo\/wp-json\/wp\/v2\/pages\/2797\/revisions\/5333"}],"up":[{"embeddable":true,"href":"https:\/\/villamariaturismo.com.ar\/deporte-turismo\/wp-json\/wp\/v2\/pages\/1480"}],"wp:attachment":[{"href":"https:\/\/villamariaturismo.com.ar\/deporte-turismo\/wp-json\/wp\/v2\/media?parent=2797"}],"curies":[{"name":"wp","href":"https:\/\/api.w.org\/{rel}","templated":true}]}}