{"id":2499,"date":"2025-01-16T14:58:17","date_gmt":"2025-01-16T14:58:17","guid":{"rendered":"https:\/\/villamariaturismo.com.ar\/deporte-turismo\/?page_id=2499"},"modified":"2025-10-08T15:27:52","modified_gmt":"2025-10-08T15:27:52","slug":"gastronomia","status":"publish","type":"page","link":"https:\/\/villamariaturismo.com.ar\/deporte-turismo\/circuitos-2\/gastronomia\/","title":{"rendered":"Gastronom\u00eda del mundo"},"content":{"rendered":"\t\t<div data-elementor-type=\"wp-page\" data-elementor-id=\"2499\" class=\"elementor elementor-2499\" data-elementor-post-type=\"page\">\n\t\t\t\t<div class=\"elementor-element elementor-element-a27f57b e-flex e-con-boxed e-con e-parent\" data-id=\"a27f57b\" data-element_type=\"container\" data-settings=\"{&quot;background_background&quot;:&quot;classic&quot;,&quot;sticky&quot;:&quot;top&quot;,&quot;sticky_on&quot;:[&quot;desktop&quot;,&quot;tablet&quot;,&quot;mobile&quot;],&quot;sticky_offset&quot;:0,&quot;sticky_effects_offset&quot;:0,&quot;sticky_anchor_link_offset&quot;:0}\">\n\t\t\t\t\t<div class=\"e-con-inner\">\n\t\t\t\t<div class=\"elementor-element elementor-element-4832561 elementor-widget elementor-widget-image\" data-id=\"4832561\" data-element_type=\"widget\" data-widget_type=\"image.default\">\n\t\t\t\t<div class=\"elementor-widget-container\">\n\t\t\t\t\t\t\t\t\t\t\t\t\t\t\t\t<a href=\"https:\/\/villamariaturismo.com.ar\/deporte-turismo\/circuitos\/\">\n\t\t\t\t\t\t\t<img fetchpriority=\"high\" decoding=\"async\" width=\"800\" height=\"138\" src=\"https:\/\/villamariaturismo.com.ar\/deporte-turismo\/wp-content\/uploads\/2025\/01\/circuito-titulo_Mesa-de-trabajo-1-1024x176.png\" class=\"attachment-large size-large wp-image-2651\" alt=\"\" srcset=\"https:\/\/villamariaturismo.com.ar\/deporte-turismo\/wp-content\/uploads\/2025\/01\/circuito-titulo_Mesa-de-trabajo-1-1024x176.png 1024w, https:\/\/villamariaturismo.com.ar\/deporte-turismo\/wp-content\/uploads\/2025\/01\/circuito-titulo_Mesa-de-trabajo-1-300x52.png 300w, https:\/\/villamariaturismo.com.ar\/deporte-turismo\/wp-content\/uploads\/2025\/01\/circuito-titulo_Mesa-de-trabajo-1-768x132.png 768w, https:\/\/villamariaturismo.com.ar\/deporte-turismo\/wp-content\/uploads\/2025\/01\/circuito-titulo_Mesa-de-trabajo-1-1536x265.png 1536w, https:\/\/villamariaturismo.com.ar\/deporte-turismo\/wp-content\/uploads\/2025\/01\/circuito-titulo_Mesa-de-trabajo-1-2048x353.png 2048w\" sizes=\"(max-width: 800px) 100vw, 800px\" \/>\t\t\t\t\t\t\t\t<\/a>\n\t\t\t\t\t\t\t\t\t\t\t\t\t\t\t<\/div>\n\t\t\t\t<\/div>\n\t\t\t\t\t<\/div>\n\t\t\t\t<\/div>\n\t\t<div class=\"elementor-element elementor-element-5d81a116 e-flex e-con-boxed e-con e-parent\" data-id=\"5d81a116\" data-element_type=\"container\" data-settings=\"{&quot;background_background&quot;:&quot;classic&quot;}\">\n\t\t\t\t\t<div class=\"e-con-inner\">\n\t\t\t\t<div class=\"elementor-element elementor-element-44ff6b60 elementor-widget elementor-widget-image\" data-id=\"44ff6b60\" data-element_type=\"widget\" data-widget_type=\"image.default\">\n\t\t\t\t<div class=\"elementor-widget-container\">\n\t\t\t\t\t\t\t\t\t\t\t\t\t\t\t<img decoding=\"async\" width=\"768\" height=\"476\" src=\"https:\/\/villamariaturismo.com.ar\/deporte-turismo\/wp-content\/uploads\/2025\/01\/titulos2-02-768x476.png\" class=\"attachment-medium_large size-medium_large wp-image-2357\" alt=\"\" srcset=\"https:\/\/villamariaturismo.com.ar\/deporte-turismo\/wp-content\/uploads\/2025\/01\/titulos2-02-768x476.png 768w, https:\/\/villamariaturismo.com.ar\/deporte-turismo\/wp-content\/uploads\/2025\/01\/titulos2-02-300x186.png 300w, https:\/\/villamariaturismo.com.ar\/deporte-turismo\/wp-content\/uploads\/2025\/01\/titulos2-02-1024x635.png 1024w, https:\/\/villamariaturismo.com.ar\/deporte-turismo\/wp-content\/uploads\/2025\/01\/titulos2-02-1536x952.png 1536w, https:\/\/villamariaturismo.com.ar\/deporte-turismo\/wp-content\/uploads\/2025\/01\/titulos2-02-2048x1269.png 2048w\" sizes=\"(max-width: 768px) 100vw, 768px\" \/>\t\t\t\t\t\t\t\t\t\t\t\t\t\t\t<\/div>\n\t\t\t\t<\/div>\n\t\t\t\t<div class=\"elementor-element elementor-element-d0413ee elementor-widget elementor-widget-heading\" data-id=\"d0413ee\" data-element_type=\"widget\" data-widget_type=\"heading.default\">\n\t\t\t\t<div class=\"elementor-widget-container\">\n\t\t\t\t\t<h2 class=\"elementor-heading-title elementor-size-default\">Gastronom\u00eda del mundo<\/h2>\t\t\t\t<\/div>\n\t\t\t\t<\/div>\n\t\t\t\t\t<\/div>\n\t\t\t\t<\/div>\n\t\t<div class=\"elementor-element elementor-element-2b734f3a e-flex e-con-boxed e-con e-parent\" data-id=\"2b734f3a\" data-element_type=\"container\" data-settings=\"{&quot;background_background&quot;:&quot;classic&quot;}\">\n\t\t\t\t\t<div class=\"e-con-inner\">\n\t\t\t\t<div class=\"elementor-element elementor-element-7175e63c elementor-widget elementor-widget-text-editor\" data-id=\"7175e63c\" data-element_type=\"widget\" data-widget_type=\"text-editor.default\">\n\t\t\t\t<div class=\"elementor-widget-container\">\n\t\t\t\t\t\t\t\t\t<p>Ofrecemos una amplia gastronom\u00eda local<\/p>\t\t\t\t\t\t\t\t<\/div>\n\t\t\t\t<\/div>\n\t\t\t\t<div class=\"elementor-element elementor-element-48a7b50c elementor-widget elementor-widget-text-editor\" data-id=\"48a7b50c\" data-element_type=\"widget\" data-widget_type=\"text-editor.default\">\n\t\t\t\t<div class=\"elementor-widget-container\">\n\t\t\t\t\t\t\t\t\t<p>Este circuito destaca la amplia gastronom\u00eda local, que nos ofrece sabores de todo el mundo: desde comida mexicana (Santo y Puebla), hasta platos exclusivos de Italia (Amore Trattoria y Bialy Bar); pasando por sabores vascos (Centro Vasco) o parrillas bien argentinas (La Rosita).\u00a0<\/p><h5><span class=\"gmail_default\">P<\/span>ara proximas salidas e\u00a0informaci<span class=\"gmail_default\">\u00f3<\/span>n contatese con:<br \/>Dire<span class=\"gmail_default\">cci\u00f3n<\/span>\u00a0de\u00a0<span class=\"gmail_default\">T<\/span>urismo de\u00a0V<span class=\"gmail_default\">illa Mar\u00eda<br \/><\/span>0353 -4536532 \/\u00a03<span class=\"gmail_default\">53-4061430<br \/><\/span><a href=\"https:\/\/www.instagram.com\/villamariaturismo\/?hl=es\" target=\"_blank\" rel=\"noopener\"><span class=\"gmail_default\">@<\/span>VillaMariaTurismo<\/a><\/h5>\t\t\t\t\t\t\t\t<\/div>\n\t\t\t\t<\/div>\n\t\t\t\t\t<\/div>\n\t\t\t\t<\/div>\n\t\t<div class=\"elementor-element elementor-element-3f95f6f9 e-flex e-con-boxed e-con e-parent\" data-id=\"3f95f6f9\" data-element_type=\"container\" data-settings=\"{&quot;background_background&quot;:&quot;classic&quot;}\">\n\t\t\t\t\t<div class=\"e-con-inner\">\n\t\t\t\t<div class=\"elementor-element elementor-element-6ccdfc8d elementor-widget-divider--view-line elementor-widget elementor-widget-divider\" data-id=\"6ccdfc8d\" data-element_type=\"widget\" data-widget_type=\"divider.default\">\n\t\t\t\t<div class=\"elementor-widget-container\">\n\t\t\t\t\t\t\t<div class=\"elementor-divider\">\n\t\t\t<span class=\"elementor-divider-separator\">\n\t\t\t\t\t\t<\/span>\n\t\t<\/div>\n\t\t\t\t\t\t<\/div>\n\t\t\t\t<\/div>\n\t\t\t\t<div class=\"elementor-element elementor-element-e2e4009 elementor-widget elementor-widget-gallery\" data-id=\"e2e4009\" data-element_type=\"widget\" data-settings=\"{&quot;gallery_layout&quot;:&quot;masonry&quot;,&quot;columns&quot;:3,&quot;lazyload&quot;:&quot;yes&quot;,&quot;columns_tablet&quot;:2,&quot;columns_mobile&quot;:1,&quot;gap&quot;:{&quot;unit&quot;:&quot;px&quot;,&quot;size&quot;:10,&quot;sizes&quot;:[]},&quot;gap_tablet&quot;:{&quot;unit&quot;:&quot;px&quot;,&quot;size&quot;:10,&quot;sizes&quot;:[]},&quot;gap_mobile&quot;:{&quot;unit&quot;:&quot;px&quot;,&quot;size&quot;:10,&quot;sizes&quot;:[]},&quot;link_to&quot;:&quot;file&quot;,&quot;overlay_background&quot;:&quot;yes&quot;,&quot;content_hover_animation&quot;:&quot;fade-in&quot;}\" data-widget_type=\"gallery.default\">\n\t\t\t\t<div class=\"elementor-widget-container\">\n\t\t\t\t\t\t\t<div class=\"elementor-gallery__container\">\n\t\t\t\t\t\t\t<a class=\"e-gallery-item elementor-gallery-item elementor-animated-content\" href=\"https:\/\/villamariaturismo.com.ar\/deporte-turismo\/wp-content\/uploads\/2025\/01\/images-3.jpeg\" data-elementor-open-lightbox=\"yes\" data-elementor-lightbox-slideshow=\"e2e4009\" data-e-action-hash=\"#elementor-action%3Aaction%3Dlightbox%26settings%3DeyJpZCI6MjUwMiwidXJsIjoiaHR0cHM6XC9cL3ZpbGxhbWFyaWF0dXJpc21vLmNvbS5hclwvZGVwb3J0ZS10dXJpc21vXC93cC1jb250ZW50XC91cGxvYWRzXC8yMDI1XC8wMVwvaW1hZ2VzLTMuanBlZyIsInNsaWRlc2hvdyI6ImUyZTQwMDkifQ%3D%3D\">\n\t\t\t\t\t<div class=\"e-gallery-image elementor-gallery-item__image\" data-thumbnail=\"https:\/\/villamariaturismo.com.ar\/deporte-turismo\/wp-content\/uploads\/2025\/01\/images-3.jpeg\" data-width=\"278\" data-height=\"181\" aria-label=\"\" role=\"img\" ><\/div>\n\t\t\t\t\t\t\t\t\t\t\t<div class=\"elementor-gallery-item__overlay\"><\/div>\n\t\t\t\t\t\t\t\t\t\t\t\t\t\t<\/a>\n\t\t\t\t\t\t\t<a class=\"e-gallery-item elementor-gallery-item elementor-animated-content\" href=\"https:\/\/villamariaturismo.com.ar\/deporte-turismo\/wp-content\/uploads\/2025\/01\/2024-12-26.jpg\" data-elementor-open-lightbox=\"yes\" data-elementor-lightbox-slideshow=\"e2e4009\" data-e-action-hash=\"#elementor-action%3Aaction%3Dlightbox%26settings%3DeyJpZCI6MjUwMywidXJsIjoiaHR0cHM6XC9cL3ZpbGxhbWFyaWF0dXJpc21vLmNvbS5hclwvZGVwb3J0ZS10dXJpc21vXC93cC1jb250ZW50XC91cGxvYWRzXC8yMDI1XC8wMVwvMjAyNC0xMi0yNi5qcGciLCJzbGlkZXNob3ciOiJlMmU0MDA5In0%3D\">\n\t\t\t\t\t<div class=\"e-gallery-image elementor-gallery-item__image\" data-thumbnail=\"https:\/\/villamariaturismo.com.ar\/deporte-turismo\/wp-content\/uploads\/2025\/01\/2024-12-26-225x300.jpg\" data-width=\"225\" data-height=\"300\" aria-label=\"\" role=\"img\" ><\/div>\n\t\t\t\t\t\t\t\t\t\t\t<div class=\"elementor-gallery-item__overlay\"><\/div>\n\t\t\t\t\t\t\t\t\t\t\t\t\t\t<\/a>\n\t\t\t\t\t\t\t<a class=\"e-gallery-item elementor-gallery-item elementor-animated-content\" href=\"https:\/\/villamariaturismo.com.ar\/deporte-turismo\/wp-content\/uploads\/2025\/01\/2025-01-14.png\" data-elementor-open-lightbox=\"yes\" data-elementor-lightbox-slideshow=\"e2e4009\" data-e-action-hash=\"#elementor-action%3Aaction%3Dlightbox%26settings%3DeyJpZCI6MjUwNywidXJsIjoiaHR0cHM6XC9cL3ZpbGxhbWFyaWF0dXJpc21vLmNvbS5hclwvZGVwb3J0ZS10dXJpc21vXC93cC1jb250ZW50XC91cGxvYWRzXC8yMDI1XC8wMVwvMjAyNS0wMS0xNC5wbmciLCJzbGlkZXNob3ciOiJlMmU0MDA5In0%3D\">\n\t\t\t\t\t<div class=\"e-gallery-image elementor-gallery-item__image\" data-thumbnail=\"https:\/\/villamariaturismo.com.ar\/deporte-turismo\/wp-content\/uploads\/2025\/01\/2025-01-14-300x169.png\" data-width=\"300\" data-height=\"169\" aria-label=\"\" role=\"img\" ><\/div>\n\t\t\t\t\t\t\t\t\t\t\t<div class=\"elementor-gallery-item__overlay\"><\/div>\n\t\t\t\t\t\t\t\t\t\t\t\t\t\t<\/a>\n\t\t\t\t\t\t\t<a class=\"e-gallery-item elementor-gallery-item elementor-animated-content\" href=\"https:\/\/villamariaturismo.com.ar\/deporte-turismo\/wp-content\/uploads\/2025\/01\/images-2.jpeg\" data-elementor-open-lightbox=\"yes\" data-elementor-lightbox-slideshow=\"e2e4009\" data-e-action-hash=\"#elementor-action%3Aaction%3Dlightbox%26settings%3DeyJpZCI6MjUwMSwidXJsIjoiaHR0cHM6XC9cL3ZpbGxhbWFyaWF0dXJpc21vLmNvbS5hclwvZGVwb3J0ZS10dXJpc21vXC93cC1jb250ZW50XC91cGxvYWRzXC8yMDI1XC8wMVwvaW1hZ2VzLTIuanBlZyIsInNsaWRlc2hvdyI6ImUyZTQwMDkifQ%3D%3D\">\n\t\t\t\t\t<div class=\"e-gallery-image elementor-gallery-item__image\" data-thumbnail=\"https:\/\/villamariaturismo.com.ar\/deporte-turismo\/wp-content\/uploads\/2025\/01\/images-2.jpeg\" data-width=\"201\" data-height=\"251\" aria-label=\"\" role=\"img\" ><\/div>\n\t\t\t\t\t\t\t\t\t\t\t<div class=\"elementor-gallery-item__overlay\"><\/div>\n\t\t\t\t\t\t\t\t\t\t\t\t\t\t<\/a>\n\t\t\t\t\t\t\t<a class=\"e-gallery-item elementor-gallery-item elementor-animated-content\" href=\"https:\/\/villamariaturismo.com.ar\/deporte-turismo\/wp-content\/uploads\/2025\/01\/images-4.jpeg\" data-elementor-open-lightbox=\"yes\" data-elementor-lightbox-slideshow=\"e2e4009\" data-e-action-hash=\"#elementor-action%3Aaction%3Dlightbox%26settings%3DeyJpZCI6MjUwNSwidXJsIjoiaHR0cHM6XC9cL3ZpbGxhbWFyaWF0dXJpc21vLmNvbS5hclwvZGVwb3J0ZS10dXJpc21vXC93cC1jb250ZW50XC91cGxvYWRzXC8yMDI1XC8wMVwvaW1hZ2VzLTQuanBlZyIsInNsaWRlc2hvdyI6ImUyZTQwMDkifQ%3D%3D\">\n\t\t\t\t\t<div class=\"e-gallery-image elementor-gallery-item__image\" data-thumbnail=\"https:\/\/villamariaturismo.com.ar\/deporte-turismo\/wp-content\/uploads\/2025\/01\/images-4.jpeg\" data-width=\"201\" data-height=\"251\" aria-label=\"\" role=\"img\" ><\/div>\n\t\t\t\t\t\t\t\t\t\t\t<div class=\"elementor-gallery-item__overlay\"><\/div>\n\t\t\t\t\t\t\t\t\t\t\t\t\t\t<\/a>\n\t\t\t\t\t\t\t<a class=\"e-gallery-item elementor-gallery-item elementor-animated-content\" href=\"https:\/\/villamariaturismo.com.ar\/deporte-turismo\/wp-content\/uploads\/2025\/01\/WhatsApp-Image-2024-09-24-at-08.59.52.jpeg\" data-elementor-open-lightbox=\"yes\" data-elementor-lightbox-slideshow=\"e2e4009\" data-e-action-hash=\"#elementor-action%3Aaction%3Dlightbox%26settings%3DeyJpZCI6MjUwOCwidXJsIjoiaHR0cHM6XC9cL3ZpbGxhbWFyaWF0dXJpc21vLmNvbS5hclwvZGVwb3J0ZS10dXJpc21vXC93cC1jb250ZW50XC91cGxvYWRzXC8yMDI1XC8wMVwvV2hhdHNBcHAtSW1hZ2UtMjAyNC0wOS0yNC1hdC0wOC41OS41Mi5qcGVnIiwic2xpZGVzaG93IjoiZTJlNDAwOSJ9\">\n\t\t\t\t\t<div class=\"e-gallery-image elementor-gallery-item__image\" data-thumbnail=\"https:\/\/villamariaturismo.com.ar\/deporte-turismo\/wp-content\/uploads\/2025\/01\/WhatsApp-Image-2024-09-24-at-08.59.52-300x200.jpeg\" data-width=\"300\" data-height=\"200\" aria-label=\"\" role=\"img\" ><\/div>\n\t\t\t\t\t\t\t\t\t\t\t<div class=\"elementor-gallery-item__overlay\"><\/div>\n\t\t\t\t\t\t\t\t\t\t\t\t\t\t<\/a>\n\t\t\t\t\t\t\t<a class=\"e-gallery-item elementor-gallery-item elementor-animated-content\" href=\"https:\/\/villamariaturismo.com.ar\/deporte-turismo\/wp-content\/uploads\/2025\/01\/2024-02-08.png\" data-elementor-open-lightbox=\"yes\" data-elementor-lightbox-slideshow=\"e2e4009\" data-e-action-hash=\"#elementor-action%3Aaction%3Dlightbox%26settings%3DeyJpZCI6MjUwNiwidXJsIjoiaHR0cHM6XC9cL3ZpbGxhbWFyaWF0dXJpc21vLmNvbS5hclwvZGVwb3J0ZS10dXJpc21vXC93cC1jb250ZW50XC91cGxvYWRzXC8yMDI1XC8wMVwvMjAyNC0wMi0wOC5wbmciLCJzbGlkZXNob3ciOiJlMmU0MDA5In0%3D\">\n\t\t\t\t\t<div class=\"e-gallery-image elementor-gallery-item__image\" data-thumbnail=\"https:\/\/villamariaturismo.com.ar\/deporte-turismo\/wp-content\/uploads\/2025\/01\/2024-02-08-300x300.png\" data-width=\"300\" data-height=\"300\" aria-label=\"\" role=\"img\" ><\/div>\n\t\t\t\t\t\t\t\t\t\t\t<div class=\"elementor-gallery-item__overlay\"><\/div>\n\t\t\t\t\t\t\t\t\t\t\t\t\t\t<\/a>\n\t\t\t\t\t<\/div>\n\t\t\t\t\t<\/div>\n\t\t\t\t<\/div>\n\t\t\t\t\t<\/div>\n\t\t\t\t<\/div>\n\t\t<div class=\"elementor-element elementor-element-1d7a6d2 e-flex e-con-boxed e-con e-parent\" data-id=\"1d7a6d2\" data-element_type=\"container\">\n\t\t\t\t\t<div class=\"e-con-inner\">\n\t\t\t\t\t<\/div>\n\t\t\t\t<\/div>\n\t\t\t\t<\/div>\n\t\t","protected":false},"excerpt":{"rendered":"<p>Gastronom\u00eda del mundo Ofrecemos una amplia gastronom\u00eda local Este circuito destaca la amplia gastronom\u00eda local, que nos ofrece sabores de todo el mundo: desde comida mexicana (Santo y Puebla), hasta [&hellip;]<\/p>\n","protected":false},"author":3,"featured_media":0,"parent":1480,"menu_order":0,"comment_status":"closed","ping_status":"closed","template":"","meta":{"_acf_changed":false,"footnotes":""},"class_list":["post-2499","page","type-page","status-publish","hentry"],"acf":[],"yoast_head":"<!-- This site is optimized with the Yoast SEO plugin v26.8 - https:\/\/yoast.com\/product\/yoast-seo-wordpress\/ -->\n<title>Gastronom\u00eda del mundo - Villa Mar\u00eda Deporte y Turismo<\/title>\n<meta name=\"robots\" content=\"index, follow, max-snippet:-1, max-image-preview:large, max-video-preview:-1\" \/>\n<link rel=\"canonical\" href=\"https:\/\/villamariaturismo.com.ar\/deporte-turismo\/circuitos-2\/gastronomia\/\" \/>\n<meta property=\"og:locale\" content=\"es_ES\" \/>\n<meta property=\"og:type\" content=\"article\" \/>\n<meta property=\"og:title\" content=\"Gastronom\u00eda del mundo - Villa Mar\u00eda Deporte y Turismo\" \/>\n<meta property=\"og:description\" content=\"Gastronom\u00eda del mundo Ofrecemos una amplia gastronom\u00eda local Este circuito destaca la amplia gastronom\u00eda local, que nos ofrece sabores de todo el mundo: desde comida mexicana (Santo y Puebla), hasta [&hellip;]\" \/>\n<meta property=\"og:url\" content=\"https:\/\/villamariaturismo.com.ar\/deporte-turismo\/circuitos-2\/gastronomia\/\" \/>\n<meta property=\"og:site_name\" content=\"Villa Mar\u00eda Deporte y Turismo\" \/>\n<meta property=\"article:modified_time\" content=\"2025-10-08T15:27:52+00:00\" \/>\n<meta property=\"og:image\" content=\"https:\/\/villamariaturismo.com.ar\/deporte-turismo\/wp-content\/uploads\/2025\/01\/circuito-titulo_Mesa-de-trabajo-1.png\" \/>\n\t<meta property=\"og:image:width\" content=\"3246\" \/>\n\t<meta property=\"og:image:height\" content=\"559\" \/>\n\t<meta property=\"og:image:type\" content=\"image\/png\" \/>\n<meta name=\"twitter:card\" content=\"summary_large_image\" \/>\n<meta name=\"twitter:label1\" content=\"Tiempo de lectura\" \/>\n\t<meta name=\"twitter:data1\" content=\"1 minuto\" \/>\n<script type=\"application\/ld+json\" class=\"yoast-schema-graph\">{\"@context\":\"https:\/\/schema.org\",\"@graph\":[{\"@type\":\"WebPage\",\"@id\":\"https:\/\/villamariaturismo.com.ar\/deporte-turismo\/circuitos-2\/gastronomia\/\",\"url\":\"https:\/\/villamariaturismo.com.ar\/deporte-turismo\/circuitos-2\/gastronomia\/\",\"name\":\"Gastronom\u00eda del mundo - Villa Mar\u00eda Deporte y Turismo\",\"isPartOf\":{\"@id\":\"https:\/\/villamariaturismo.com.ar\/deporte-turismo\/#website\"},\"primaryImageOfPage\":{\"@id\":\"https:\/\/villamariaturismo.com.ar\/deporte-turismo\/circuitos-2\/gastronomia\/#primaryimage\"},\"image\":{\"@id\":\"https:\/\/villamariaturismo.com.ar\/deporte-turismo\/circuitos-2\/gastronomia\/#primaryimage\"},\"thumbnailUrl\":\"https:\/\/villamariaturismo.com.ar\/deporte-turismo\/wp-content\/uploads\/2025\/01\/circuito-titulo_Mesa-de-trabajo-1-1024x176.png\",\"datePublished\":\"2025-01-16T14:58:17+00:00\",\"dateModified\":\"2025-10-08T15:27:52+00:00\",\"breadcrumb\":{\"@id\":\"https:\/\/villamariaturismo.com.ar\/deporte-turismo\/circuitos-2\/gastronomia\/#breadcrumb\"},\"inLanguage\":\"es\",\"potentialAction\":[{\"@type\":\"ReadAction\",\"target\":[\"https:\/\/villamariaturismo.com.ar\/deporte-turismo\/circuitos-2\/gastronomia\/\"]}]},{\"@type\":\"ImageObject\",\"inLanguage\":\"es\",\"@id\":\"https:\/\/villamariaturismo.com.ar\/deporte-turismo\/circuitos-2\/gastronomia\/#primaryimage\",\"url\":\"https:\/\/villamariaturismo.com.ar\/deporte-turismo\/wp-content\/uploads\/2025\/01\/circuito-titulo_Mesa-de-trabajo-1.png\",\"contentUrl\":\"https:\/\/villamariaturismo.com.ar\/deporte-turismo\/wp-content\/uploads\/2025\/01\/circuito-titulo_Mesa-de-trabajo-1.png\",\"width\":3246,\"height\":559},{\"@type\":\"BreadcrumbList\",\"@id\":\"https:\/\/villamariaturismo.com.ar\/deporte-turismo\/circuitos-2\/gastronomia\/#breadcrumb\",\"itemListElement\":[{\"@type\":\"ListItem\",\"position\":1,\"name\":\"Portada\",\"item\":\"https:\/\/villamariaturismo.com.ar\/deporte-turismo\/\"},{\"@type\":\"ListItem\",\"position\":2,\"name\":\"Circuitos Tur\u00edsticos\",\"item\":\"https:\/\/villamariaturismo.com.ar\/deporte-turismo\/circuitos-2\/\"},{\"@type\":\"ListItem\",\"position\":3,\"name\":\"Gastronom\u00eda del mundo\"}]},{\"@type\":\"WebSite\",\"@id\":\"https:\/\/villamariaturismo.com.ar\/deporte-turismo\/#website\",\"url\":\"https:\/\/villamariaturismo.com.ar\/deporte-turismo\/\",\"name\":\"Villa Maria Deporte y Turismo\",\"description\":\"Secretaria de deporte y turismo de Villa Mar\u00eda\",\"publisher\":{\"@id\":\"https:\/\/villamariaturismo.com.ar\/deporte-turismo\/#organization\"},\"potentialAction\":[{\"@type\":\"SearchAction\",\"target\":{\"@type\":\"EntryPoint\",\"urlTemplate\":\"https:\/\/villamariaturismo.com.ar\/deporte-turismo\/?s={search_term_string}\"},\"query-input\":{\"@type\":\"PropertyValueSpecification\",\"valueRequired\":true,\"valueName\":\"search_term_string\"}}],\"inLanguage\":\"es\"},{\"@type\":\"Organization\",\"@id\":\"https:\/\/villamariaturismo.com.ar\/deporte-turismo\/#organization\",\"name\":\"Villa Maria Deporte y Turismo\",\"url\":\"https:\/\/villamariaturismo.com.ar\/deporte-turismo\/\",\"logo\":{\"@type\":\"ImageObject\",\"inLanguage\":\"es\",\"@id\":\"https:\/\/villamariaturismo.com.ar\/deporte-turismo\/#\/schema\/logo\/image\/\",\"url\":\"https:\/\/villamariaturismo.com.ar\/deporte-turismo\/wp-content\/uploads\/2024\/11\/logo_tte-e1730601264887.png\",\"contentUrl\":\"https:\/\/villamariaturismo.com.ar\/deporte-turismo\/wp-content\/uploads\/2024\/11\/logo_tte-e1730601264887.png\",\"width\":580,\"height\":290,\"caption\":\"Villa Maria Deporte y Turismo\"},\"image\":{\"@id\":\"https:\/\/villamariaturismo.com.ar\/deporte-turismo\/#\/schema\/logo\/image\/\"},\"sameAs\":[\"https:\/\/www.instagram.com\/villamariaturismo\/?hl=es\"]}]}<\/script>\n<!-- \/ Yoast SEO plugin. -->","yoast_head_json":{"title":"Gastronom\u00eda del mundo - Villa Mar\u00eda Deporte y Turismo","robots":{"index":"index","follow":"follow","max-snippet":"max-snippet:-1","max-image-preview":"max-image-preview:large","max-video-preview":"max-video-preview:-1"},"canonical":"https:\/\/villamariaturismo.com.ar\/deporte-turismo\/circuitos-2\/gastronomia\/","og_locale":"es_ES","og_type":"article","og_title":"Gastronom\u00eda del mundo - Villa Mar\u00eda Deporte y Turismo","og_description":"Gastronom\u00eda del mundo Ofrecemos una amplia gastronom\u00eda local Este circuito destaca la amplia gastronom\u00eda local, que nos ofrece sabores de todo el mundo: desde comida mexicana (Santo y Puebla), hasta [&hellip;]","og_url":"https:\/\/villamariaturismo.com.ar\/deporte-turismo\/circuitos-2\/gastronomia\/","og_site_name":"Villa Mar\u00eda Deporte y Turismo","article_modified_time":"2025-10-08T15:27:52+00:00","og_image":[{"width":3246,"height":559,"url":"https:\/\/villamariaturismo.com.ar\/deporte-turismo\/wp-content\/uploads\/2025\/01\/circuito-titulo_Mesa-de-trabajo-1.png","type":"image\/png"}],"twitter_card":"summary_large_image","twitter_misc":{"Tiempo de lectura":"1 minuto"},"schema":{"@context":"https:\/\/schema.org","@graph":[{"@type":"WebPage","@id":"https:\/\/villamariaturismo.com.ar\/deporte-turismo\/circuitos-2\/gastronomia\/","url":"https:\/\/villamariaturismo.com.ar\/deporte-turismo\/circuitos-2\/gastronomia\/","name":"Gastronom\u00eda del mundo - Villa Mar\u00eda Deporte y Turismo","isPartOf":{"@id":"https:\/\/villamariaturismo.com.ar\/deporte-turismo\/#website"},"primaryImageOfPage":{"@id":"https:\/\/villamariaturismo.com.ar\/deporte-turismo\/circuitos-2\/gastronomia\/#primaryimage"},"image":{"@id":"https:\/\/villamariaturismo.com.ar\/deporte-turismo\/circuitos-2\/gastronomia\/#primaryimage"},"thumbnailUrl":"https:\/\/villamariaturismo.com.ar\/deporte-turismo\/wp-content\/uploads\/2025\/01\/circuito-titulo_Mesa-de-trabajo-1-1024x176.png","datePublished":"2025-01-16T14:58:17+00:00","dateModified":"2025-10-08T15:27:52+00:00","breadcrumb":{"@id":"https:\/\/villamariaturismo.com.ar\/deporte-turismo\/circuitos-2\/gastronomia\/#breadcrumb"},"inLanguage":"es","potentialAction":[{"@type":"ReadAction","target":["https:\/\/villamariaturismo.com.ar\/deporte-turismo\/circuitos-2\/gastronomia\/"]}]},{"@type":"ImageObject","inLanguage":"es","@id":"https:\/\/villamariaturismo.com.ar\/deporte-turismo\/circuitos-2\/gastronomia\/#primaryimage","url":"https:\/\/villamariaturismo.com.ar\/deporte-turismo\/wp-content\/uploads\/2025\/01\/circuito-titulo_Mesa-de-trabajo-1.png","contentUrl":"https:\/\/villamariaturismo.com.ar\/deporte-turismo\/wp-content\/uploads\/2025\/01\/circuito-titulo_Mesa-de-trabajo-1.png","width":3246,"height":559},{"@type":"BreadcrumbList","@id":"https:\/\/villamariaturismo.com.ar\/deporte-turismo\/circuitos-2\/gastronomia\/#breadcrumb","itemListElement":[{"@type":"ListItem","position":1,"name":"Portada","item":"https:\/\/villamariaturismo.com.ar\/deporte-turismo\/"},{"@type":"ListItem","position":2,"name":"Circuitos Tur\u00edsticos","item":"https:\/\/villamariaturismo.com.ar\/deporte-turismo\/circuitos-2\/"},{"@type":"ListItem","position":3,"name":"Gastronom\u00eda del mundo"}]},{"@type":"WebSite","@id":"https:\/\/villamariaturismo.com.ar\/deporte-turismo\/#website","url":"https:\/\/villamariaturismo.com.ar\/deporte-turismo\/","name":"Villa Maria Deporte y Turismo","description":"Secretaria de deporte y turismo de Villa Mar\u00eda","publisher":{"@id":"https:\/\/villamariaturismo.com.ar\/deporte-turismo\/#organization"},"potentialAction":[{"@type":"SearchAction","target":{"@type":"EntryPoint","urlTemplate":"https:\/\/villamariaturismo.com.ar\/deporte-turismo\/?s={search_term_string}"},"query-input":{"@type":"PropertyValueSpecification","valueRequired":true,"valueName":"search_term_string"}}],"inLanguage":"es"},{"@type":"Organization","@id":"https:\/\/villamariaturismo.com.ar\/deporte-turismo\/#organization","name":"Villa Maria Deporte y Turismo","url":"https:\/\/villamariaturismo.com.ar\/deporte-turismo\/","logo":{"@type":"ImageObject","inLanguage":"es","@id":"https:\/\/villamariaturismo.com.ar\/deporte-turismo\/#\/schema\/logo\/image\/","url":"https:\/\/villamariaturismo.com.ar\/deporte-turismo\/wp-content\/uploads\/2024\/11\/logo_tte-e1730601264887.png","contentUrl":"https:\/\/villamariaturismo.com.ar\/deporte-turismo\/wp-content\/uploads\/2024\/11\/logo_tte-e1730601264887.png","width":580,"height":290,"caption":"Villa Maria Deporte y Turismo"},"image":{"@id":"https:\/\/villamariaturismo.com.ar\/deporte-turismo\/#\/schema\/logo\/image\/"},"sameAs":["https:\/\/www.instagram.com\/villamariaturismo\/?hl=es"]}]}},"_links":{"self":[{"href":"https:\/\/villamariaturismo.com.ar\/deporte-turismo\/wp-json\/wp\/v2\/pages\/2499","targetHints":{"allow":["GET"]}}],"collection":[{"href":"https:\/\/villamariaturismo.com.ar\/deporte-turismo\/wp-json\/wp\/v2\/pages"}],"about":[{"href":"https:\/\/villamariaturismo.com.ar\/deporte-turismo\/wp-json\/wp\/v2\/types\/page"}],"author":[{"embeddable":true,"href":"https:\/\/villamariaturismo.com.ar\/deporte-turismo\/wp-json\/wp\/v2\/users\/3"}],"replies":[{"embeddable":true,"href":"https:\/\/villamariaturismo.com.ar\/deporte-turismo\/wp-json\/wp\/v2\/comments?post=2499"}],"version-history":[{"count":34,"href":"https:\/\/villamariaturismo.com.ar\/deporte-turismo\/wp-json\/wp\/v2\/pages\/2499\/revisions"}],"predecessor-version":[{"id":5312,"href":"https:\/\/villamariaturismo.com.ar\/deporte-turismo\/wp-json\/wp\/v2\/pages\/2499\/revisions\/5312"}],"up":[{"embeddable":true,"href":"https:\/\/villamariaturismo.com.ar\/deporte-turismo\/wp-json\/wp\/v2\/pages\/1480"}],"wp:attachment":[{"href":"https:\/\/villamariaturismo.com.ar\/deporte-turismo\/wp-json\/wp\/v2\/media?parent=2499"}],"curies":[{"name":"wp","href":"https:\/\/api.w.org\/{rel}","templated":true}]}}