{"id":1206,"date":"2024-11-11T02:20:56","date_gmt":"2024-11-11T02:20:56","guid":{"rendered":"https:\/\/villamariaturismo.com.ar\/deporte-turismo\/?page_id=1206"},"modified":"2025-10-08T15:26:12","modified_gmt":"2025-10-08T15:26:12","slug":"circuito-del-queso","status":"publish","type":"page","link":"https:\/\/villamariaturismo.com.ar\/deporte-turismo\/circuitos-2\/circuito-del-queso\/","title":{"rendered":"Circuito del Queso"},"content":{"rendered":"\t\t<div data-elementor-type=\"wp-page\" data-elementor-id=\"1206\" class=\"elementor elementor-1206\" data-elementor-post-type=\"page\">\n\t\t\t\t<div class=\"elementor-element elementor-element-828ece2 e-flex e-con-boxed e-con e-parent\" data-id=\"828ece2\" data-element_type=\"container\" data-settings=\"{&quot;background_background&quot;:&quot;classic&quot;,&quot;sticky&quot;:&quot;top&quot;,&quot;sticky_on&quot;:[&quot;desktop&quot;,&quot;tablet&quot;,&quot;mobile&quot;],&quot;sticky_offset&quot;:0,&quot;sticky_effects_offset&quot;:0,&quot;sticky_anchor_link_offset&quot;:0}\">\n\t\t\t\t\t<div class=\"e-con-inner\">\n\t\t\t\t<div class=\"elementor-element elementor-element-14eb9b7 elementor-widget elementor-widget-image\" data-id=\"14eb9b7\" data-element_type=\"widget\" data-widget_type=\"image.default\">\n\t\t\t\t<div class=\"elementor-widget-container\">\n\t\t\t\t\t\t\t\t\t\t\t\t\t\t\t\t<a href=\"https:\/\/villamariaturismo.com.ar\/deporte-turismo\/circuitos\/\">\n\t\t\t\t\t\t\t<img fetchpriority=\"high\" decoding=\"async\" width=\"800\" height=\"138\" src=\"https:\/\/villamariaturismo.com.ar\/deporte-turismo\/wp-content\/uploads\/2025\/01\/circuito-titulo_Mesa-de-trabajo-1-1024x176.png\" class=\"attachment-large size-large wp-image-2651\" alt=\"\" srcset=\"https:\/\/villamariaturismo.com.ar\/deporte-turismo\/wp-content\/uploads\/2025\/01\/circuito-titulo_Mesa-de-trabajo-1-1024x176.png 1024w, https:\/\/villamariaturismo.com.ar\/deporte-turismo\/wp-content\/uploads\/2025\/01\/circuito-titulo_Mesa-de-trabajo-1-300x52.png 300w, https:\/\/villamariaturismo.com.ar\/deporte-turismo\/wp-content\/uploads\/2025\/01\/circuito-titulo_Mesa-de-trabajo-1-768x132.png 768w, https:\/\/villamariaturismo.com.ar\/deporte-turismo\/wp-content\/uploads\/2025\/01\/circuito-titulo_Mesa-de-trabajo-1-1536x265.png 1536w, https:\/\/villamariaturismo.com.ar\/deporte-turismo\/wp-content\/uploads\/2025\/01\/circuito-titulo_Mesa-de-trabajo-1-2048x353.png 2048w\" sizes=\"(max-width: 800px) 100vw, 800px\" \/>\t\t\t\t\t\t\t\t<\/a>\n\t\t\t\t\t\t\t\t\t\t\t\t\t\t\t<\/div>\n\t\t\t\t<\/div>\n\t\t\t\t\t<\/div>\n\t\t\t\t<\/div>\n\t\t<div class=\"elementor-element elementor-element-1772f88 e-flex e-con-boxed e-con e-parent\" data-id=\"1772f88\" data-element_type=\"container\" data-settings=\"{&quot;background_background&quot;:&quot;classic&quot;}\">\n\t\t\t\t\t<div class=\"e-con-inner\">\n\t\t\t\t<div class=\"elementor-element elementor-element-3fab005 elementor-widget elementor-widget-image\" data-id=\"3fab005\" data-element_type=\"widget\" data-widget_type=\"image.default\">\n\t\t\t\t<div class=\"elementor-widget-container\">\n\t\t\t\t\t\t\t\t\t\t\t\t\t\t\t<img decoding=\"async\" width=\"768\" height=\"484\" src=\"https:\/\/villamariaturismo.com.ar\/deporte-turismo\/wp-content\/uploads\/2025\/01\/titulos2_Mesa-de-trabajo-1-768x484.png\" class=\"attachment-medium_large size-medium_large wp-image-2356\" alt=\"\" srcset=\"https:\/\/villamariaturismo.com.ar\/deporte-turismo\/wp-content\/uploads\/2025\/01\/titulos2_Mesa-de-trabajo-1-768x484.png 768w, https:\/\/villamariaturismo.com.ar\/deporte-turismo\/wp-content\/uploads\/2025\/01\/titulos2_Mesa-de-trabajo-1-300x189.png 300w, https:\/\/villamariaturismo.com.ar\/deporte-turismo\/wp-content\/uploads\/2025\/01\/titulos2_Mesa-de-trabajo-1-1024x646.png 1024w, https:\/\/villamariaturismo.com.ar\/deporte-turismo\/wp-content\/uploads\/2025\/01\/titulos2_Mesa-de-trabajo-1-1536x968.png 1536w, https:\/\/villamariaturismo.com.ar\/deporte-turismo\/wp-content\/uploads\/2025\/01\/titulos2_Mesa-de-trabajo-1-2048x1291.png 2048w\" sizes=\"(max-width: 768px) 100vw, 768px\" \/>\t\t\t\t\t\t\t\t\t\t\t\t\t\t\t<\/div>\n\t\t\t\t<\/div>\n\t\t\t\t<div class=\"elementor-element elementor-element-24cb7af elementor-widget elementor-widget-heading\" data-id=\"24cb7af\" data-element_type=\"widget\" data-widget_type=\"heading.default\">\n\t\t\t\t<div class=\"elementor-widget-container\">\n\t\t\t\t\t<h2 class=\"elementor-heading-title elementor-size-default\">Circuito del queso<\/h2>\t\t\t\t<\/div>\n\t\t\t\t<\/div>\n\t\t\t\t\t<\/div>\n\t\t\t\t<\/div>\n\t\t<div class=\"elementor-element elementor-element-8e4ae4c e-flex e-con-boxed e-con e-parent\" data-id=\"8e4ae4c\" data-element_type=\"container\" data-settings=\"{&quot;background_background&quot;:&quot;classic&quot;}\">\n\t\t\t\t\t<div class=\"e-con-inner\">\n\t\t\t\t<div class=\"elementor-element elementor-element-cae5b94 elementor-widget elementor-widget-text-editor\" data-id=\"cae5b94\" data-element_type=\"widget\" data-widget_type=\"text-editor.default\">\n\t\t\t\t<div class=\"elementor-widget-container\">\n\t\t\t\t\t\t\t\t\t<p>Descubr\u00ed los secretos que nos convirtieron en una de las cuencas l\u00e1cteas m\u00e1s importantes del pa\u00eds<\/p>\t\t\t\t\t\t\t\t<\/div>\n\t\t\t\t<\/div>\n\t\t\t\t\t<\/div>\n\t\t\t\t<\/div>\n\t\t<div class=\"elementor-element elementor-element-4e0e985 e-flex e-con-boxed e-con e-parent\" data-id=\"4e0e985\" data-element_type=\"container\" data-settings=\"{&quot;background_background&quot;:&quot;classic&quot;}\">\n\t\t\t\t\t<div class=\"e-con-inner\">\n\t\t\t\t<div class=\"elementor-element elementor-element-bc2bbf1 elementor-widget-divider--view-line elementor-widget elementor-widget-divider\" data-id=\"bc2bbf1\" data-element_type=\"widget\" data-widget_type=\"divider.default\">\n\t\t\t\t<div class=\"elementor-widget-container\">\n\t\t\t\t\t\t\t<div class=\"elementor-divider\">\n\t\t\t<span class=\"elementor-divider-separator\">\n\t\t\t\t\t\t<\/span>\n\t\t<\/div>\n\t\t\t\t\t\t<\/div>\n\t\t\t\t<\/div>\n\t\t<div class=\"elementor-element elementor-element-96baf91 e-grid e-con-full e-con e-child\" data-id=\"96baf91\" data-element_type=\"container\">\n\t\t\t\t<div class=\"elementor-element elementor-element-b2728a8 elementor-widget elementor-widget-text-editor\" data-id=\"b2728a8\" data-element_type=\"widget\" data-widget_type=\"text-editor.default\">\n\t\t\t\t<div class=\"elementor-widget-container\">\n\t\t\t\t\t\t\t\t\t<h2><strong>Un sello distintivo de la ciudad<\/strong><\/h2><p>Con esta propuesta, se visitar\u00e1n f\u00e1bricas l\u00e1cteas para conocer el proceso de fabricaci\u00f3n de los quesos locales, adem\u00e1s de degustaciones de las diferentes variedades y sabores villamarienses. Este circuito adem\u00e1s comprende, catas y degustaciones en diferentes espacios y en el trabajo conjunto con queser\u00edas de la ciudad, se generan descuentos, beneficios y promociones en la adquisici\u00f3n de productos locales, para seguir potenciando la promoci\u00f3n y difusi\u00f3n del queso local como sello distintivo de la ciudad.<\/p><h2>\u00a0<\/h2><h2><strong>Enamorate de nuestros quesos<\/strong><\/h2><p>Te invitamos a descubrir los secretos que nos convirtieron en una de las cuencas l\u00e1cteas m\u00e1s importantes del pa\u00eds; con degustaciones personalizadas de\u00a0quesos, visitas guiadas a industrias e instituciones l\u00e1cteas, charlas, circuitos gastron\u00f3micos, entre otras propuestas para enamorarte de nuestros\u00a0quesos.<\/p><p>\u00a0<\/p><h5><span class=\"gmail_default\">P<\/span>ara proximas salidas e\u00a0informaci<span class=\"gmail_default\">\u00f3<\/span>n contatese con:<br \/>Dire<span class=\"gmail_default\">cci\u00f3n<\/span>\u00a0de\u00a0<span class=\"gmail_default\">T<\/span>urismo de\u00a0V<span class=\"gmail_default\">illa Mar\u00eda<br \/><\/span>0353 -4536532 \/\u00a03<span class=\"gmail_default\">53-4061430<br \/><\/span><a href=\"https:\/\/www.instagram.com\/villamariaturismo\/?hl=es\" target=\"_blank\" rel=\"noopener\"><span class=\"gmail_default\">@<\/span>VillaMariaTurismo<\/a><\/h5>\t\t\t\t\t\t\t\t<\/div>\n\t\t\t\t<\/div>\n\t\t\t\t<div class=\"elementor-element elementor-element-d0f5fc2 elementor-widget elementor-widget-gallery\" data-id=\"d0f5fc2\" data-element_type=\"widget\" data-settings=\"{&quot;gallery_layout&quot;:&quot;masonry&quot;,&quot;columns&quot;:2,&quot;image_hover_animation&quot;:&quot;grow&quot;,&quot;content_hover_animation&quot;:&quot;grow&quot;,&quot;lazyload&quot;:&quot;yes&quot;,&quot;columns_tablet&quot;:2,&quot;columns_mobile&quot;:1,&quot;gap&quot;:{&quot;unit&quot;:&quot;px&quot;,&quot;size&quot;:10,&quot;sizes&quot;:[]},&quot;gap_tablet&quot;:{&quot;unit&quot;:&quot;px&quot;,&quot;size&quot;:10,&quot;sizes&quot;:[]},&quot;gap_mobile&quot;:{&quot;unit&quot;:&quot;px&quot;,&quot;size&quot;:10,&quot;sizes&quot;:[]},&quot;link_to&quot;:&quot;file&quot;,&quot;overlay_background&quot;:&quot;yes&quot;}\" data-widget_type=\"gallery.default\">\n\t\t\t\t<div class=\"elementor-widget-container\">\n\t\t\t\t\t\t\t<div class=\"elementor-gallery__container\">\n\t\t\t\t\t\t\t<a class=\"e-gallery-item elementor-gallery-item elementor-animated-content\" href=\"https:\/\/villamariaturismo.com.ar\/deporte-turismo\/wp-content\/uploads\/2024\/11\/312593328_1974081942786342_6867833561697435259_n.jpg\" data-elementor-open-lightbox=\"yes\" data-elementor-lightbox-slideshow=\"d0f5fc2\" data-e-action-hash=\"#elementor-action%3Aaction%3Dlightbox%26settings%3DeyJpZCI6MTAwNSwidXJsIjoiaHR0cHM6XC9cL3ZpbGxhbWFyaWF0dXJpc21vLmNvbS5hclwvZGVwb3J0ZS10dXJpc21vXC93cC1jb250ZW50XC91cGxvYWRzXC8yMDI0XC8xMVwvMzEyNTkzMzI4XzE5NzQwODE5NDI3ODYzNDJfNjg2NzgzMzU2MTY5NzQzNTI1OV9uLmpwZyIsInNsaWRlc2hvdyI6ImQwZjVmYzIifQ%3D%3D\">\n\t\t\t\t\t<div class=\"e-gallery-image elementor-gallery-item__image\" data-thumbnail=\"https:\/\/villamariaturismo.com.ar\/deporte-turismo\/wp-content\/uploads\/2024\/11\/312593328_1974081942786342_6867833561697435259_n-200x300.jpg\" data-width=\"200\" data-height=\"300\" aria-label=\"\" role=\"img\" ><\/div>\n\t\t\t\t\t\t\t\t\t\t\t<div class=\"elementor-gallery-item__overlay\"><\/div>\n\t\t\t\t\t\t\t\t\t\t\t\t\t\t<\/a>\n\t\t\t\t\t\t\t<a class=\"e-gallery-item elementor-gallery-item elementor-animated-content\" href=\"https:\/\/villamariaturismo.com.ar\/deporte-turismo\/wp-content\/uploads\/2024\/11\/241182451_1679295732264966_6987994701038448235_n.jpg\" data-elementor-open-lightbox=\"yes\" data-elementor-lightbox-slideshow=\"d0f5fc2\" data-e-action-hash=\"#elementor-action%3Aaction%3Dlightbox%26settings%3DeyJpZCI6MTAwNCwidXJsIjoiaHR0cHM6XC9cL3ZpbGxhbWFyaWF0dXJpc21vLmNvbS5hclwvZGVwb3J0ZS10dXJpc21vXC93cC1jb250ZW50XC91cGxvYWRzXC8yMDI0XC8xMVwvMjQxMTgyNDUxXzE2NzkyOTU3MzIyNjQ5NjZfNjk4Nzk5NDcwMTAzODQ0ODIzNV9uLmpwZyIsInNsaWRlc2hvdyI6ImQwZjVmYzIifQ%3D%3D\">\n\t\t\t\t\t<div class=\"e-gallery-image elementor-gallery-item__image\" data-thumbnail=\"https:\/\/villamariaturismo.com.ar\/deporte-turismo\/wp-content\/uploads\/2024\/11\/241182451_1679295732264966_6987994701038448235_n-300x200.jpg\" data-width=\"300\" data-height=\"200\" aria-label=\"\" role=\"img\" ><\/div>\n\t\t\t\t\t\t\t\t\t\t\t<div class=\"elementor-gallery-item__overlay\"><\/div>\n\t\t\t\t\t\t\t\t\t\t\t\t\t\t<\/a>\n\t\t\t\t\t\t\t<a class=\"e-gallery-item elementor-gallery-item elementor-animated-content\" href=\"https:\/\/villamariaturismo.com.ar\/deporte-turismo\/wp-content\/uploads\/2024\/11\/Recorrida-gastronomica-1.jpg\" data-elementor-open-lightbox=\"yes\" data-elementor-lightbox-slideshow=\"d0f5fc2\" data-e-action-hash=\"#elementor-action%3Aaction%3Dlightbox%26settings%3DeyJpZCI6MTAwOSwidXJsIjoiaHR0cHM6XC9cL3ZpbGxhbWFyaWF0dXJpc21vLmNvbS5hclwvZGVwb3J0ZS10dXJpc21vXC93cC1jb250ZW50XC91cGxvYWRzXC8yMDI0XC8xMVwvUmVjb3JyaWRhLWdhc3Ryb25vbWljYS0xLmpwZyIsInNsaWRlc2hvdyI6ImQwZjVmYzIifQ%3D%3D\">\n\t\t\t\t\t<div class=\"e-gallery-image elementor-gallery-item__image\" data-thumbnail=\"https:\/\/villamariaturismo.com.ar\/deporte-turismo\/wp-content\/uploads\/2024\/11\/Recorrida-gastronomica-1-240x300.jpg\" data-width=\"240\" data-height=\"300\" aria-label=\"\" role=\"img\" ><\/div>\n\t\t\t\t\t\t\t\t\t\t\t<div class=\"elementor-gallery-item__overlay\"><\/div>\n\t\t\t\t\t\t\t\t\t\t\t\t\t\t<\/a>\n\t\t\t\t\t\t\t<a class=\"e-gallery-item elementor-gallery-item elementor-animated-content\" href=\"https:\/\/villamariaturismo.com.ar\/deporte-turismo\/wp-content\/uploads\/2024\/12\/CIRCUITO_DEL_QUESO.jpg\" data-elementor-open-lightbox=\"yes\" data-elementor-lightbox-slideshow=\"d0f5fc2\" data-e-action-hash=\"#elementor-action%3Aaction%3Dlightbox%26settings%3DeyJpZCI6MTQzNSwidXJsIjoiaHR0cHM6XC9cL3ZpbGxhbWFyaWF0dXJpc21vLmNvbS5hclwvZGVwb3J0ZS10dXJpc21vXC93cC1jb250ZW50XC91cGxvYWRzXC8yMDI0XC8xMlwvQ0lSQ1VJVE9fREVMX1FVRVNPLmpwZyIsInNsaWRlc2hvdyI6ImQwZjVmYzIifQ%3D%3D\">\n\t\t\t\t\t<div class=\"e-gallery-image elementor-gallery-item__image\" data-thumbnail=\"https:\/\/villamariaturismo.com.ar\/deporte-turismo\/wp-content\/uploads\/2024\/12\/CIRCUITO_DEL_QUESO-240x300.jpg\" data-width=\"240\" data-height=\"300\" aria-label=\"\" role=\"img\" ><\/div>\n\t\t\t\t\t\t\t\t\t\t\t<div class=\"elementor-gallery-item__overlay\"><\/div>\n\t\t\t\t\t\t\t\t\t\t\t\t\t\t<\/a>\n\t\t\t\t\t\t\t<a class=\"e-gallery-item elementor-gallery-item elementor-animated-content\" href=\"https:\/\/villamariaturismo.com.ar\/deporte-turismo\/wp-content\/uploads\/2024\/11\/Recorrida-gastronomica-2.jpg\" data-elementor-open-lightbox=\"yes\" data-elementor-lightbox-slideshow=\"d0f5fc2\" data-e-action-hash=\"#elementor-action%3Aaction%3Dlightbox%26settings%3DeyJpZCI6MTAxMCwidXJsIjoiaHR0cHM6XC9cL3ZpbGxhbWFyaWF0dXJpc21vLmNvbS5hclwvZGVwb3J0ZS10dXJpc21vXC93cC1jb250ZW50XC91cGxvYWRzXC8yMDI0XC8xMVwvUmVjb3JyaWRhLWdhc3Ryb25vbWljYS0yLmpwZyIsInNsaWRlc2hvdyI6ImQwZjVmYzIifQ%3D%3D\">\n\t\t\t\t\t<div class=\"e-gallery-image elementor-gallery-item__image\" data-thumbnail=\"https:\/\/villamariaturismo.com.ar\/deporte-turismo\/wp-content\/uploads\/2024\/11\/Recorrida-gastronomica-2-300x300.jpg\" data-width=\"300\" data-height=\"300\" aria-label=\"\" role=\"img\" ><\/div>\n\t\t\t\t\t\t\t\t\t\t\t<div class=\"elementor-gallery-item__overlay\"><\/div>\n\t\t\t\t\t\t\t\t\t\t\t\t\t\t<\/a>\n\t\t\t\t\t\t\t<a class=\"e-gallery-item elementor-gallery-item elementor-animated-content\" href=\"https:\/\/villamariaturismo.com.ar\/deporte-turismo\/wp-content\/uploads\/2024\/11\/Degustaciones-y-catas-2.jpg\" data-elementor-open-lightbox=\"yes\" data-elementor-lightbox-slideshow=\"d0f5fc2\" data-e-action-hash=\"#elementor-action%3Aaction%3Dlightbox%26settings%3DeyJpZCI6MTAwNiwidXJsIjoiaHR0cHM6XC9cL3ZpbGxhbWFyaWF0dXJpc21vLmNvbS5hclwvZGVwb3J0ZS10dXJpc21vXC93cC1jb250ZW50XC91cGxvYWRzXC8yMDI0XC8xMVwvRGVndXN0YWNpb25lcy15LWNhdGFzLTIuanBnIiwic2xpZGVzaG93IjoiZDBmNWZjMiJ9\">\n\t\t\t\t\t<div class=\"e-gallery-image elementor-gallery-item__image\" data-thumbnail=\"https:\/\/villamariaturismo.com.ar\/deporte-turismo\/wp-content\/uploads\/2024\/11\/Degustaciones-y-catas-2-300x212.jpg\" data-width=\"300\" data-height=\"212\" aria-label=\"\" role=\"img\" ><\/div>\n\t\t\t\t\t\t\t\t\t\t\t<div class=\"elementor-gallery-item__overlay\"><\/div>\n\t\t\t\t\t\t\t\t\t\t\t\t\t\t<\/a>\n\t\t\t\t\t<\/div>\n\t\t\t\t\t<\/div>\n\t\t\t\t<\/div>\n\t\t\t\t<\/div>\n\t\t<div class=\"elementor-element elementor-element-56e445a e-con-full e-flex e-con e-child\" data-id=\"56e445a\" data-element_type=\"container\">\n\t\t\t\t<\/div>\n\t\t\t\t\t<\/div>\n\t\t\t\t<\/div>\n\t\t\t\t<\/div>\n\t\t","protected":false},"excerpt":{"rendered":"<p>Te invitamos a descubrir los secretos que nos convirtieron en una de las cuencas l\u00e1cteas m\u00e1s importantes del pa\u00eds; con degustaciones personalizadas de quesos, visitas guiadas a industrias e instituciones l\u00e1cteas, charlas, circuitos gastron\u00f3micos, entre otras propuestas para enamorarte de nuestros quesos.<\/p>\n","protected":false},"author":2,"featured_media":1208,"parent":1480,"menu_order":0,"comment_status":"closed","ping_status":"closed","template":"","meta":{"_acf_changed":false,"footnotes":""},"class_list":["post-1206","page","type-page","status-publish","has-post-thumbnail","hentry"],"acf":[],"yoast_head":"<!-- This site is optimized with the Yoast SEO plugin v26.8 - https:\/\/yoast.com\/product\/yoast-seo-wordpress\/ -->\n<title>Circuito del Queso - Villa Mar\u00eda Deporte y Turismo<\/title>\n<meta name=\"robots\" content=\"index, follow, max-snippet:-1, max-image-preview:large, max-video-preview:-1\" \/>\n<link rel=\"canonical\" href=\"https:\/\/villamariaturismo.com.ar\/deporte-turismo\/circuitos-2\/circuito-del-queso\/\" \/>\n<meta property=\"og:locale\" content=\"es_ES\" \/>\n<meta property=\"og:type\" content=\"article\" \/>\n<meta property=\"og:title\" content=\"Circuito del Queso - Villa Mar\u00eda Deporte y Turismo\" \/>\n<meta property=\"og:description\" content=\"Te invitamos a descubrir los secretos que nos convirtieron en una de las cuencas l\u00e1cteas m\u00e1s importantes del pa\u00eds; con degustaciones personalizadas de quesos, visitas guiadas a industrias e instituciones l\u00e1cteas, charlas, circuitos gastron\u00f3micos, entre otras propuestas para enamorarte de nuestros quesos.\" \/>\n<meta property=\"og:url\" content=\"https:\/\/villamariaturismo.com.ar\/deporte-turismo\/circuitos-2\/circuito-del-queso\/\" \/>\n<meta property=\"og:site_name\" content=\"Villa Mar\u00eda Deporte y Turismo\" \/>\n<meta property=\"article:modified_time\" content=\"2025-10-08T15:26:12+00:00\" \/>\n<meta property=\"og:image\" content=\"https:\/\/villamariaturismo.com.ar\/deporte-turismo\/wp-content\/uploads\/2024\/11\/Circuito_del_Queso.jpg\" \/>\n\t<meta property=\"og:image:width\" content=\"1440\" \/>\n\t<meta property=\"og:image:height\" content=\"1800\" \/>\n\t<meta property=\"og:image:type\" content=\"image\/jpeg\" \/>\n<meta name=\"twitter:card\" content=\"summary_large_image\" \/>\n<meta name=\"twitter:label1\" content=\"Tiempo de lectura\" \/>\n\t<meta name=\"twitter:data1\" content=\"2 minutos\" \/>\n<script type=\"application\/ld+json\" class=\"yoast-schema-graph\">{\"@context\":\"https:\/\/schema.org\",\"@graph\":[{\"@type\":\"WebPage\",\"@id\":\"https:\/\/villamariaturismo.com.ar\/deporte-turismo\/circuitos-2\/circuito-del-queso\/\",\"url\":\"https:\/\/villamariaturismo.com.ar\/deporte-turismo\/circuitos-2\/circuito-del-queso\/\",\"name\":\"Circuito del Queso - Villa Mar\u00eda Deporte y Turismo\",\"isPartOf\":{\"@id\":\"https:\/\/villamariaturismo.com.ar\/deporte-turismo\/#website\"},\"primaryImageOfPage\":{\"@id\":\"https:\/\/villamariaturismo.com.ar\/deporte-turismo\/circuitos-2\/circuito-del-queso\/#primaryimage\"},\"image\":{\"@id\":\"https:\/\/villamariaturismo.com.ar\/deporte-turismo\/circuitos-2\/circuito-del-queso\/#primaryimage\"},\"thumbnailUrl\":\"https:\/\/villamariaturismo.com.ar\/deporte-turismo\/wp-content\/uploads\/2024\/11\/Circuito_del_Queso.jpg\",\"datePublished\":\"2024-11-11T02:20:56+00:00\",\"dateModified\":\"2025-10-08T15:26:12+00:00\",\"breadcrumb\":{\"@id\":\"https:\/\/villamariaturismo.com.ar\/deporte-turismo\/circuitos-2\/circuito-del-queso\/#breadcrumb\"},\"inLanguage\":\"es\",\"potentialAction\":[{\"@type\":\"ReadAction\",\"target\":[\"https:\/\/villamariaturismo.com.ar\/deporte-turismo\/circuitos-2\/circuito-del-queso\/\"]}]},{\"@type\":\"ImageObject\",\"inLanguage\":\"es\",\"@id\":\"https:\/\/villamariaturismo.com.ar\/deporte-turismo\/circuitos-2\/circuito-del-queso\/#primaryimage\",\"url\":\"https:\/\/villamariaturismo.com.ar\/deporte-turismo\/wp-content\/uploads\/2024\/11\/Circuito_del_Queso.jpg\",\"contentUrl\":\"https:\/\/villamariaturismo.com.ar\/deporte-turismo\/wp-content\/uploads\/2024\/11\/Circuito_del_Queso.jpg\",\"width\":1440,\"height\":1800},{\"@type\":\"BreadcrumbList\",\"@id\":\"https:\/\/villamariaturismo.com.ar\/deporte-turismo\/circuitos-2\/circuito-del-queso\/#breadcrumb\",\"itemListElement\":[{\"@type\":\"ListItem\",\"position\":1,\"name\":\"Portada\",\"item\":\"https:\/\/villamariaturismo.com.ar\/deporte-turismo\/\"},{\"@type\":\"ListItem\",\"position\":2,\"name\":\"Circuitos Tur\u00edsticos\",\"item\":\"https:\/\/villamariaturismo.com.ar\/deporte-turismo\/circuitos-2\/\"},{\"@type\":\"ListItem\",\"position\":3,\"name\":\"Circuito del Queso\"}]},{\"@type\":\"WebSite\",\"@id\":\"https:\/\/villamariaturismo.com.ar\/deporte-turismo\/#website\",\"url\":\"https:\/\/villamariaturismo.com.ar\/deporte-turismo\/\",\"name\":\"Villa Maria Deporte y Turismo\",\"description\":\"Secretaria de deporte y turismo de Villa Mar\u00eda\",\"publisher\":{\"@id\":\"https:\/\/villamariaturismo.com.ar\/deporte-turismo\/#organization\"},\"potentialAction\":[{\"@type\":\"SearchAction\",\"target\":{\"@type\":\"EntryPoint\",\"urlTemplate\":\"https:\/\/villamariaturismo.com.ar\/deporte-turismo\/?s={search_term_string}\"},\"query-input\":{\"@type\":\"PropertyValueSpecification\",\"valueRequired\":true,\"valueName\":\"search_term_string\"}}],\"inLanguage\":\"es\"},{\"@type\":\"Organization\",\"@id\":\"https:\/\/villamariaturismo.com.ar\/deporte-turismo\/#organization\",\"name\":\"Villa Maria Deporte y Turismo\",\"url\":\"https:\/\/villamariaturismo.com.ar\/deporte-turismo\/\",\"logo\":{\"@type\":\"ImageObject\",\"inLanguage\":\"es\",\"@id\":\"https:\/\/villamariaturismo.com.ar\/deporte-turismo\/#\/schema\/logo\/image\/\",\"url\":\"https:\/\/villamariaturismo.com.ar\/deporte-turismo\/wp-content\/uploads\/2024\/11\/logo_tte-e1730601264887.png\",\"contentUrl\":\"https:\/\/villamariaturismo.com.ar\/deporte-turismo\/wp-content\/uploads\/2024\/11\/logo_tte-e1730601264887.png\",\"width\":580,\"height\":290,\"caption\":\"Villa Maria Deporte y Turismo\"},\"image\":{\"@id\":\"https:\/\/villamariaturismo.com.ar\/deporte-turismo\/#\/schema\/logo\/image\/\"},\"sameAs\":[\"https:\/\/www.instagram.com\/villamariaturismo\/?hl=es\"]}]}<\/script>\n<!-- \/ Yoast SEO plugin. -->","yoast_head_json":{"title":"Circuito del Queso - Villa Mar\u00eda Deporte y Turismo","robots":{"index":"index","follow":"follow","max-snippet":"max-snippet:-1","max-image-preview":"max-image-preview:large","max-video-preview":"max-video-preview:-1"},"canonical":"https:\/\/villamariaturismo.com.ar\/deporte-turismo\/circuitos-2\/circuito-del-queso\/","og_locale":"es_ES","og_type":"article","og_title":"Circuito del Queso - Villa Mar\u00eda Deporte y Turismo","og_description":"Te invitamos a descubrir los secretos que nos convirtieron en una de las cuencas l\u00e1cteas m\u00e1s importantes del pa\u00eds; con degustaciones personalizadas de quesos, visitas guiadas a industrias e instituciones l\u00e1cteas, charlas, circuitos gastron\u00f3micos, entre otras propuestas para enamorarte de nuestros quesos.","og_url":"https:\/\/villamariaturismo.com.ar\/deporte-turismo\/circuitos-2\/circuito-del-queso\/","og_site_name":"Villa Mar\u00eda Deporte y Turismo","article_modified_time":"2025-10-08T15:26:12+00:00","og_image":[{"width":1440,"height":1800,"url":"https:\/\/villamariaturismo.com.ar\/deporte-turismo\/wp-content\/uploads\/2024\/11\/Circuito_del_Queso.jpg","type":"image\/jpeg"}],"twitter_card":"summary_large_image","twitter_misc":{"Tiempo de lectura":"2 minutos"},"schema":{"@context":"https:\/\/schema.org","@graph":[{"@type":"WebPage","@id":"https:\/\/villamariaturismo.com.ar\/deporte-turismo\/circuitos-2\/circuito-del-queso\/","url":"https:\/\/villamariaturismo.com.ar\/deporte-turismo\/circuitos-2\/circuito-del-queso\/","name":"Circuito del Queso - Villa Mar\u00eda Deporte y Turismo","isPartOf":{"@id":"https:\/\/villamariaturismo.com.ar\/deporte-turismo\/#website"},"primaryImageOfPage":{"@id":"https:\/\/villamariaturismo.com.ar\/deporte-turismo\/circuitos-2\/circuito-del-queso\/#primaryimage"},"image":{"@id":"https:\/\/villamariaturismo.com.ar\/deporte-turismo\/circuitos-2\/circuito-del-queso\/#primaryimage"},"thumbnailUrl":"https:\/\/villamariaturismo.com.ar\/deporte-turismo\/wp-content\/uploads\/2024\/11\/Circuito_del_Queso.jpg","datePublished":"2024-11-11T02:20:56+00:00","dateModified":"2025-10-08T15:26:12+00:00","breadcrumb":{"@id":"https:\/\/villamariaturismo.com.ar\/deporte-turismo\/circuitos-2\/circuito-del-queso\/#breadcrumb"},"inLanguage":"es","potentialAction":[{"@type":"ReadAction","target":["https:\/\/villamariaturismo.com.ar\/deporte-turismo\/circuitos-2\/circuito-del-queso\/"]}]},{"@type":"ImageObject","inLanguage":"es","@id":"https:\/\/villamariaturismo.com.ar\/deporte-turismo\/circuitos-2\/circuito-del-queso\/#primaryimage","url":"https:\/\/villamariaturismo.com.ar\/deporte-turismo\/wp-content\/uploads\/2024\/11\/Circuito_del_Queso.jpg","contentUrl":"https:\/\/villamariaturismo.com.ar\/deporte-turismo\/wp-content\/uploads\/2024\/11\/Circuito_del_Queso.jpg","width":1440,"height":1800},{"@type":"BreadcrumbList","@id":"https:\/\/villamariaturismo.com.ar\/deporte-turismo\/circuitos-2\/circuito-del-queso\/#breadcrumb","itemListElement":[{"@type":"ListItem","position":1,"name":"Portada","item":"https:\/\/villamariaturismo.com.ar\/deporte-turismo\/"},{"@type":"ListItem","position":2,"name":"Circuitos Tur\u00edsticos","item":"https:\/\/villamariaturismo.com.ar\/deporte-turismo\/circuitos-2\/"},{"@type":"ListItem","position":3,"name":"Circuito del Queso"}]},{"@type":"WebSite","@id":"https:\/\/villamariaturismo.com.ar\/deporte-turismo\/#website","url":"https:\/\/villamariaturismo.com.ar\/deporte-turismo\/","name":"Villa Maria Deporte y Turismo","description":"Secretaria de deporte y turismo de Villa Mar\u00eda","publisher":{"@id":"https:\/\/villamariaturismo.com.ar\/deporte-turismo\/#organization"},"potentialAction":[{"@type":"SearchAction","target":{"@type":"EntryPoint","urlTemplate":"https:\/\/villamariaturismo.com.ar\/deporte-turismo\/?s={search_term_string}"},"query-input":{"@type":"PropertyValueSpecification","valueRequired":true,"valueName":"search_term_string"}}],"inLanguage":"es"},{"@type":"Organization","@id":"https:\/\/villamariaturismo.com.ar\/deporte-turismo\/#organization","name":"Villa Maria Deporte y Turismo","url":"https:\/\/villamariaturismo.com.ar\/deporte-turismo\/","logo":{"@type":"ImageObject","inLanguage":"es","@id":"https:\/\/villamariaturismo.com.ar\/deporte-turismo\/#\/schema\/logo\/image\/","url":"https:\/\/villamariaturismo.com.ar\/deporte-turismo\/wp-content\/uploads\/2024\/11\/logo_tte-e1730601264887.png","contentUrl":"https:\/\/villamariaturismo.com.ar\/deporte-turismo\/wp-content\/uploads\/2024\/11\/logo_tte-e1730601264887.png","width":580,"height":290,"caption":"Villa Maria Deporte y Turismo"},"image":{"@id":"https:\/\/villamariaturismo.com.ar\/deporte-turismo\/#\/schema\/logo\/image\/"},"sameAs":["https:\/\/www.instagram.com\/villamariaturismo\/?hl=es"]}]}},"_links":{"self":[{"href":"https:\/\/villamariaturismo.com.ar\/deporte-turismo\/wp-json\/wp\/v2\/pages\/1206","targetHints":{"allow":["GET"]}}],"collection":[{"href":"https:\/\/villamariaturismo.com.ar\/deporte-turismo\/wp-json\/wp\/v2\/pages"}],"about":[{"href":"https:\/\/villamariaturismo.com.ar\/deporte-turismo\/wp-json\/wp\/v2\/types\/page"}],"author":[{"embeddable":true,"href":"https:\/\/villamariaturismo.com.ar\/deporte-turismo\/wp-json\/wp\/v2\/users\/2"}],"replies":[{"embeddable":true,"href":"https:\/\/villamariaturismo.com.ar\/deporte-turismo\/wp-json\/wp\/v2\/comments?post=1206"}],"version-history":[{"count":43,"href":"https:\/\/villamariaturismo.com.ar\/deporte-turismo\/wp-json\/wp\/v2\/pages\/1206\/revisions"}],"predecessor-version":[{"id":5300,"href":"https:\/\/villamariaturismo.com.ar\/deporte-turismo\/wp-json\/wp\/v2\/pages\/1206\/revisions\/5300"}],"up":[{"embeddable":true,"href":"https:\/\/villamariaturismo.com.ar\/deporte-turismo\/wp-json\/wp\/v2\/pages\/1480"}],"wp:featuredmedia":[{"embeddable":true,"href":"https:\/\/villamariaturismo.com.ar\/deporte-turismo\/wp-json\/wp\/v2\/media\/1208"}],"wp:attachment":[{"href":"https:\/\/villamariaturismo.com.ar\/deporte-turismo\/wp-json\/wp\/v2\/media?parent=1206"}],"curies":[{"name":"wp","href":"https:\/\/api.w.org\/{rel}","templated":true}]}}